{"id":39239,"date":"2025-11-12T10:08:15","date_gmt":"2025-11-12T08:08:15","guid":{"rendered":"https:\/\/www.nordi.ee\/toode\/kummut-raveno-2-km-2-kasmiir-pahkel-must\/"},"modified":"2026-04-13T05:26:56","modified_gmt":"2026-04-13T02:26:56","slug":"kummut-raveno-2-km-2-kasmiir-pahkel-must","status":"publish","type":"product","link":"https:\/\/www.nordi.ee\/en\/toode\/kummut-raveno-2-km-2-kasmiir-pahkel-must\/","title":{"rendered":"Kummut RAVENO 2 KM-2, ka\u0161miir \/ p\u00e4hkel \/ must"},"content":{"rendered":"<p>kapp, m\u00f5\u00f5tmed: 100\/40\/95 cm, materjal: laminaat MDF \/ laminaat OSB \/ pol\u00fcprop\u00fcleen, v\u00e4rv: kasmiir \/ p\u00e4hkel \/ must<\/p>\n","protected":false},"excerpt":{"rendered":"<p>kapp, m\u00f5\u00f5tmed: 100\/40\/95 cm, materjal: laminaat MDF \/ laminaat OSB \/ pol\u00fcprop\u00fcleen, v\u00e4rv: kasmiir \/ p\u00e4hkel \/ must<\/p>\n","protected":false},"featured_media":19324,"comment_status":"closed","ping_status":"open","template":"","meta":{"_gspb_post_css":""},"product_brand":[],"product_cat":[4067],"product_tag":[],"class_list":{"0":"post-39239","1":"product","2":"type-product","3":"status-publish","4":"has-post-thumbnail","6":"product_cat-kummutid","7":"pa_korgus-411","8":"pa_laius-615","9":"pa_materjal-lamineeritud-mdf","10":"pa_materjal-lamineeritud-puitlaastplaat","11":"pa_materjal-polupropuleen","12":"pa_pakkide-arv-295","13":"pa_stiil-kaasaegne","14":"pa_sugavus-646","15":"pa_vahelaos-jah","16":"pa_varv-beez","17":"pa_varv-pahkel","19":"first","20":"instock","21":"sale","22":"purchasable","23":"product-type-simple"},"_links":{"self":[{"href":"https:\/\/www.nordi.ee\/en\/wp-json\/wp\/v2\/product\/39239","targetHints":{"allow":["GET"]}}],"collection":[{"href":"https:\/\/www.nordi.ee\/en\/wp-json\/wp\/v2\/product"}],"about":[{"href":"https:\/\/www.nordi.ee\/en\/wp-json\/wp\/v2\/types\/product"}],"replies":[{"embeddable":true,"href":"https:\/\/www.nordi.ee\/en\/wp-json\/wp\/v2\/comments?post=39239"}],"wp:featuredmedia":[{"embeddable":true,"href":"https:\/\/www.nordi.ee\/en\/wp-json\/wp\/v2\/media\/19324"}],"wp:attachment":[{"href":"https:\/\/www.nordi.ee\/en\/wp-json\/wp\/v2\/media?parent=39239"}],"wp:term":[{"taxonomy":"product_brand","embeddable":true,"href":"https:\/\/www.nordi.ee\/en\/wp-json\/wp\/v2\/product_brand?post=39239"},{"taxonomy":"product_cat","embeddable":true,"href":"https:\/\/www.nordi.ee\/en\/wp-json\/wp\/v2\/product_cat?post=39239"},{"taxonomy":"product_tag","embeddable":true,"href":"https:\/\/www.nordi.ee\/en\/wp-json\/wp\/v2\/product_tag?post=39239"}],"curies":[{"name":"wp","href":"https:\/\/api.w.org\/{rel}","templated":true}]}}