{"id":39207,"date":"2025-11-12T10:08:15","date_gmt":"2025-11-12T08:08:15","guid":{"rendered":"https:\/\/www.nordi.ee\/toode\/soogilaud-radeno-160-taispuit\/"},"modified":"2026-04-13T05:26:54","modified_gmt":"2026-04-13T02:26:54","slug":"soogilaud-radeno-160-taispuit","status":"publish","type":"product","link":"https:\/\/www.nordi.ee\/en\/toode\/soogilaud-radeno-160-taispuit\/","title":{"rendered":"S\u00f6\u00f6gilaud RADENO 160, t\u00e4ispuit"},"content":{"rendered":"<p>m\u00f5\u00f5tmed: 160\/90\/76 cm, materjal: liimpuidust tamm \/ pulberkattega teras, v\u00e4rv: tasapind &#8211; naturaalsest tammest, jalad &#8211; mustad<\/p>\n","protected":false},"excerpt":{"rendered":"<p>m\u00f5\u00f5tmed: 160\/90\/76 cm, materjal: liimpuidust tamm \/ pulberkattega teras, v\u00e4rv: tasapind &#8211; naturaalsest tammest, jalad &#8211; mustad<\/p>\n","protected":false},"featured_media":19317,"comment_status":"closed","ping_status":"open","template":"","meta":{"_gspb_post_css":""},"product_brand":[],"product_cat":[190,167],"product_tag":[],"class_list":{"0":"post-39207","1":"product","2":"type-product","3":"status-publish","4":"has-post-thumbnail","6":"product_cat-soogilauad","7":"product_cat-soogituba","8":"pa_jalgade-arv-4-2","9":"pa_korgus-406","10":"pa_laius-349","11":"pa_laua-suurus-6-person","12":"pa_laua-varvus-tamm","13":"pa_laua-viimistlus-matt","14":"pa_lauaplaadi-kuju-ristkulikukujuline","15":"pa_lauaplaadi-materjal-taispuit","16":"pa_pakkide-arv-295","17":"pa_pikendatav-ei","18":"pa_raami-materjal-metall","19":"pa_stiil-loft","20":"pa_sugavus-4084","21":"pa_vahelaos-ei","22":"pa_varv-must","23":"pa_varv-tamm","25":"first","26":"instock","27":"sale","28":"purchasable","29":"product-type-simple"},"_links":{"self":[{"href":"https:\/\/www.nordi.ee\/en\/wp-json\/wp\/v2\/product\/39207","targetHints":{"allow":["GET"]}}],"collection":[{"href":"https:\/\/www.nordi.ee\/en\/wp-json\/wp\/v2\/product"}],"about":[{"href":"https:\/\/www.nordi.ee\/en\/wp-json\/wp\/v2\/types\/product"}],"replies":[{"embeddable":true,"href":"https:\/\/www.nordi.ee\/en\/wp-json\/wp\/v2\/comments?post=39207"}],"wp:featuredmedia":[{"embeddable":true,"href":"https:\/\/www.nordi.ee\/en\/wp-json\/wp\/v2\/media\/19317"}],"wp:attachment":[{"href":"https:\/\/www.nordi.ee\/en\/wp-json\/wp\/v2\/media?parent=39207"}],"wp:term":[{"taxonomy":"product_brand","embeddable":true,"href":"https:\/\/www.nordi.ee\/en\/wp-json\/wp\/v2\/product_brand?post=39207"},{"taxonomy":"product_cat","embeddable":true,"href":"https:\/\/www.nordi.ee\/en\/wp-json\/wp\/v2\/product_cat?post=39207"},{"taxonomy":"product_tag","embeddable":true,"href":"https:\/\/www.nordi.ee\/en\/wp-json\/wp\/v2\/product_tag?post=39207"}],"curies":[{"name":"wp","href":"https:\/\/api.w.org\/{rel}","templated":true}]}}