{"id":39193,"date":"2025-11-12T10:06:12","date_gmt":"2025-11-12T08:06:12","guid":{"rendered":"https:\/\/www.nordi.ee\/toode\/pikendatav-laud-qubaro-tamm-must\/"},"modified":"2026-04-13T05:26:53","modified_gmt":"2026-04-13T02:26:53","slug":"pikendatav-laud-qubaro-tamm-must","status":"publish","type":"product","link":"https:\/\/www.nordi.ee\/en\/toode\/pikendatav-laud-qubaro-tamm-must\/","title":{"rendered":"Pikendatav s\u00f6\u00f6gilaud QUBARO, tamm \/ must"},"content":{"rendered":"<p>m\u00f5\u00f5dud: 80-200\/80\/76 cm, pikendatav laud, materjal: laminaatplaadist, v\u00e4rv: pealne &#8211; k\u00e4sit\u00f6\u00f6 tamme, jalad &#8211; musta v\u00e4rvi<\/p>\n","protected":false},"excerpt":{"rendered":"<p>m\u00f5\u00f5dud: 80-200\/80\/76 cm, pikendatav laud, materjal: laminaatplaadist, v\u00e4rv: pealne &#8211; k\u00e4sit\u00f6\u00f6 tamme, jalad &#8211; musta v\u00e4rvi<\/p>\n","protected":false},"featured_media":19308,"comment_status":"closed","ping_status":"closed","template":"","meta":{"_gspb_post_css":""},"product_brand":[],"product_cat":[190,167],"product_tag":[],"class_list":{"0":"post-39193","1":"product","2":"type-product","3":"status-publish","4":"has-post-thumbnail","6":"product_cat-soogilauad","7":"product_cat-soogituba","8":"pa_jalgade-arv-289","9":"pa_korgus-406","10":"pa_laius-353","11":"pa_laua-suurus-4-person-8-person","12":"pa_laua-varvus-pruun","13":"pa_laua-viimistlus-matt","14":"pa_lauaplaadi-kuju-ristkulik","15":"pa_lauaplaadi-kuju-ruut","16":"pa_lauaplaadi-materjal-lamineeritud-puitlaastplaat","17":"pa_maximum-pikkus-4207","18":"pa_pakkide-arv-295","19":"pa_pikendatav-jah","20":"pa_raami-materjal-lamineeritud-puitlaastplaat","21":"pa_stiil-traditsiooniline","22":"pa_stiil-loft","23":"pa_sugavus-475","24":"pa_vahelaos-jah","25":"pa_varv-must","27":"first","28":"instock","29":"sale","30":"purchasable","31":"product-type-simple"},"_links":{"self":[{"href":"https:\/\/www.nordi.ee\/en\/wp-json\/wp\/v2\/product\/39193","targetHints":{"allow":["GET"]}}],"collection":[{"href":"https:\/\/www.nordi.ee\/en\/wp-json\/wp\/v2\/product"}],"about":[{"href":"https:\/\/www.nordi.ee\/en\/wp-json\/wp\/v2\/types\/product"}],"replies":[{"embeddable":true,"href":"https:\/\/www.nordi.ee\/en\/wp-json\/wp\/v2\/comments?post=39193"}],"wp:featuredmedia":[{"embeddable":true,"href":"https:\/\/www.nordi.ee\/en\/wp-json\/wp\/v2\/media\/19308"}],"wp:attachment":[{"href":"https:\/\/www.nordi.ee\/en\/wp-json\/wp\/v2\/media?parent=39193"}],"wp:term":[{"taxonomy":"product_brand","embeddable":true,"href":"https:\/\/www.nordi.ee\/en\/wp-json\/wp\/v2\/product_brand?post=39193"},{"taxonomy":"product_cat","embeddable":true,"href":"https:\/\/www.nordi.ee\/en\/wp-json\/wp\/v2\/product_cat?post=39193"},{"taxonomy":"product_tag","embeddable":true,"href":"https:\/\/www.nordi.ee\/en\/wp-json\/wp\/v2\/product_tag?post=39193"}],"curies":[{"name":"wp","href":"https:\/\/api.w.org\/{rel}","templated":true}]}}