{"id":39123,"date":"2025-11-12T10:06:12","date_gmt":"2025-11-12T08:06:12","guid":{"rendered":"https:\/\/www.nordi.ee\/toode\/pikendatav-soogilaud-pivaro-tamm-mustad-jalad\/"},"modified":"2026-04-13T05:26:51","modified_gmt":"2026-04-13T02:26:51","slug":"pikendatav-soogilaud-pivaro-tamm-mustad-jalad","status":"publish","type":"product","link":"https:\/\/www.nordi.ee\/en\/toode\/pikendatav-soogilaud-pivaro-tamm-mustad-jalad\/","title":{"rendered":"Pikendatav S\u00f6\u00f6gilaud  PIVARO, tamm \/ mustad jalad"},"content":{"rendered":"<p>laiendatav laud, m\u00f5\u00f5tmed: 102-142\/102\/75 cm, materjal: laminaatplaat \/ massiivne pehme puit, v\u00e4rv: pealmine osa &#8211; k\u00e4sit\u00f6\u00f6 tamme, jalad &#8211; must<\/p>\n","protected":false},"excerpt":{"rendered":"<p>laiendatav laud, m\u00f5\u00f5tmed: 102-142\/102\/75 cm, materjal: laminaatplaat \/ massiivne pehme puit, v\u00e4rv: pealmine osa &#8211; k\u00e4sit\u00f6\u00f6 tamme, jalad &#8211; must<\/p>\n","protected":false},"featured_media":19296,"comment_status":"closed","ping_status":"open","template":"","meta":{"_gspb_post_css":""},"product_brand":[],"product_cat":[190,167],"product_tag":[],"class_list":{"0":"post-39123","1":"product","2":"type-product","3":"status-publish","4":"has-post-thumbnail","6":"product_cat-soogilauad","7":"product_cat-soogituba","8":"pa_jalgade-arv-289","9":"pa_korgus-287","10":"pa_laius-1108","11":"pa_laua-suurus-6-person-4-person","12":"pa_laua-varvus-pruun","13":"pa_laua-viimistlus-matt","14":"pa_lauaplaadi-kuju-ovaalne","15":"pa_lauaplaadi-kuju-ummargune","16":"pa_lauaplaadi-materjal-lamineeritud-puitlaastplaat","17":"pa_maximum-pikkus-4232","18":"pa_pakkide-arv-226","19":"pa_pikendatav-jah","20":"pa_raami-materjal-puit","21":"pa_stiil-loft","22":"pa_stiil-traditsiooniline","23":"pa_sugavus-4161","24":"pa_vahelaos-jah","25":"pa_varv-must","27":"first","28":"instock","29":"sale","30":"purchasable","31":"product-type-simple"},"_links":{"self":[{"href":"https:\/\/www.nordi.ee\/en\/wp-json\/wp\/v2\/product\/39123","targetHints":{"allow":["GET"]}}],"collection":[{"href":"https:\/\/www.nordi.ee\/en\/wp-json\/wp\/v2\/product"}],"about":[{"href":"https:\/\/www.nordi.ee\/en\/wp-json\/wp\/v2\/types\/product"}],"replies":[{"embeddable":true,"href":"https:\/\/www.nordi.ee\/en\/wp-json\/wp\/v2\/comments?post=39123"}],"wp:featuredmedia":[{"embeddable":true,"href":"https:\/\/www.nordi.ee\/en\/wp-json\/wp\/v2\/media\/19296"}],"wp:attachment":[{"href":"https:\/\/www.nordi.ee\/en\/wp-json\/wp\/v2\/media?parent=39123"}],"wp:term":[{"taxonomy":"product_brand","embeddable":true,"href":"https:\/\/www.nordi.ee\/en\/wp-json\/wp\/v2\/product_brand?post=39123"},{"taxonomy":"product_cat","embeddable":true,"href":"https:\/\/www.nordi.ee\/en\/wp-json\/wp\/v2\/product_cat?post=39123"},{"taxonomy":"product_tag","embeddable":true,"href":"https:\/\/www.nordi.ee\/en\/wp-json\/wp\/v2\/product_tag?post=39123"}],"curies":[{"name":"wp","href":"https:\/\/api.w.org\/{rel}","templated":true}]}}