{"id":39085,"date":"2025-11-12T10:01:47","date_gmt":"2025-11-12T08:01:47","guid":{"rendered":"https:\/\/www.nordi.ee\/toode\/pikendatav-soogilaud-perlon-pahkel-must\/"},"modified":"2026-04-13T05:26:50","modified_gmt":"2026-04-13T02:26:50","slug":"pikendatav-soogilaud-perlon-pahkel-must","status":"publish","type":"product","link":"https:\/\/www.nordi.ee\/en\/toode\/pikendatav-soogilaud-perlon-pahkel-must\/","title":{"rendered":"Pikendatav s\u00f6\u00f6gilaud PERLON, p\u00e4hkel \/ must"},"content":{"rendered":"<p>m\u00f5\u00f5tmed: fi100-250\/100\/75 cm, pikendatav laud, materjal: laminaatplaat \/ pulberv\u00e4rvitud teras, v\u00e4rv: p\u00e4hklipuu \/ must<\/p>\n","protected":false},"excerpt":{"rendered":"<p>m\u00f5\u00f5tmed: fi100-250\/100\/75 cm, pikendatav laud, materjal: laminaatplaat \/ pulberv\u00e4rvitud teras, v\u00e4rv: p\u00e4hklipuu \/ must<\/p>\n","protected":false},"featured_media":19292,"comment_status":"closed","ping_status":"open","template":"","meta":{"_gspb_post_css":""},"product_brand":[],"product_cat":[190,167],"product_tag":[],"class_list":{"0":"post-39085","1":"product","2":"type-product","3":"status-publish","4":"has-post-thumbnail","6":"product_cat-soogilauad","7":"product_cat-soogituba","8":"pa_jalgade-arv-289","9":"pa_korgus-287","10":"pa_laius-615","11":"pa_laua-suurus-4-person-10-person","12":"pa_laua-varvus-pahkel","13":"pa_laua-varvus-pruun","14":"pa_laua-viimistlus-matt","15":"pa_lauaplaadi-kuju-ovaalne","16":"pa_lauaplaadi-kuju-ummargune","17":"pa_lauaplaadi-materjal-lamineeritud-puitlaastplaat","18":"pa_maximum-pikkus-4222","19":"pa_pakkide-arv-295","20":"pa_pikendatav-jah","21":"pa_raami-materjal-metall","22":"pa_stiil-moodne","23":"pa_stiil-loft","24":"pa_sugavus-1180","25":"pa_vahelaos-jah","26":"pa_varv-must","28":"first","29":"instock","30":"sale","31":"purchasable","32":"product-type-simple"},"_links":{"self":[{"href":"https:\/\/www.nordi.ee\/en\/wp-json\/wp\/v2\/product\/39085","targetHints":{"allow":["GET"]}}],"collection":[{"href":"https:\/\/www.nordi.ee\/en\/wp-json\/wp\/v2\/product"}],"about":[{"href":"https:\/\/www.nordi.ee\/en\/wp-json\/wp\/v2\/types\/product"}],"replies":[{"embeddable":true,"href":"https:\/\/www.nordi.ee\/en\/wp-json\/wp\/v2\/comments?post=39085"}],"wp:featuredmedia":[{"embeddable":true,"href":"https:\/\/www.nordi.ee\/en\/wp-json\/wp\/v2\/media\/19292"}],"wp:attachment":[{"href":"https:\/\/www.nordi.ee\/en\/wp-json\/wp\/v2\/media?parent=39085"}],"wp:term":[{"taxonomy":"product_brand","embeddable":true,"href":"https:\/\/www.nordi.ee\/en\/wp-json\/wp\/v2\/product_brand?post=39085"},{"taxonomy":"product_cat","embeddable":true,"href":"https:\/\/www.nordi.ee\/en\/wp-json\/wp\/v2\/product_cat?post=39085"},{"taxonomy":"product_tag","embeddable":true,"href":"https:\/\/www.nordi.ee\/en\/wp-json\/wp\/v2\/product_tag?post=39085"}],"curies":[{"name":"wp","href":"https:\/\/api.w.org\/{rel}","templated":true}]}}