{"id":38963,"date":"2025-11-12T10:01:48","date_gmt":"2025-11-12T08:01:48","guid":{"rendered":"https:\/\/www.nordi.ee\/toode\/soogilaud-laud-perevo\/"},"modified":"2026-04-13T05:26:47","modified_gmt":"2026-04-13T02:26:47","slug":"soogilaud-laud-perevo","status":"publish","type":"product","link":"https:\/\/www.nordi.ee\/en\/toode\/soogilaud-laud-perevo\/","title":{"rendered":"S\u00f6\u00f6gilaud laud PEREVO"},"content":{"rendered":"<p>m\u00f5\u00f5tmed: 160\u00f7250\/90\/76 cm, pikendatav laud, materjal: pind &#8211; vineeritud plaat, servad &#8211; massiivne puit, jalad &#8211; pulberkattega teras, v\u00e4rv: pind &#8211; heledat tamme, jalad &#8211; must nn\u00d5litatud t\u00f6\u00f6lauapind &#8211; vajalik spetsiaalne hooldus, detailid k\u00e4siraamatus.<\/p>\n","protected":false},"excerpt":{"rendered":"<p>m\u00f5\u00f5tmed: 160\u00f7250\/90\/76 cm, pikendatav laud, materjal: pind &#8211; vineeritud plaat, servad &#8211; massiivne puit, jalad &#8211; pulberkattega teras, v\u00e4rv: pind &#8211; heledat tamme, jalad &#8211; must nn\u00d5litatud t\u00f6\u00f6lauapind &#8211; vajalik spetsiaalne hooldus, detailid k\u00e4siraamatus.<\/p>\n","protected":false},"featured_media":19276,"comment_status":"closed","ping_status":"open","template":"","meta":{"_gspb_post_css":""},"product_brand":[],"product_cat":[190,167],"product_tag":[],"class_list":{"0":"post-38963","1":"product","2":"type-product","3":"status-publish","4":"has-post-thumbnail","6":"product_cat-soogilauad","7":"product_cat-soogituba","8":"pa_jalgade-arv-4-2","9":"pa_korgus-406","10":"pa_laius-349","11":"pa_laua-suurus-6-person-10-person","12":"pa_laua-varvus-tamm","13":"pa_laua-viimistlus-matt","14":"pa_lauaplaadi-kuju-ristkulikukujuline","15":"pa_lauaplaadi-materjal-spoon","16":"pa_maximum-pikkus-4222","17":"pa_pakkide-arv-466","18":"pa_pikendatav-jah","19":"pa_raami-materjal-metall","20":"pa_stiil-loft","21":"pa_stiil-moodne","22":"pa_sugavus-4084","23":"pa_vahelaos-jah","24":"pa_varv-must","25":"pa_varv-tamm","27":"first","28":"instock","29":"sale","30":"purchasable","31":"product-type-simple"},"_links":{"self":[{"href":"https:\/\/www.nordi.ee\/en\/wp-json\/wp\/v2\/product\/38963","targetHints":{"allow":["GET"]}}],"collection":[{"href":"https:\/\/www.nordi.ee\/en\/wp-json\/wp\/v2\/product"}],"about":[{"href":"https:\/\/www.nordi.ee\/en\/wp-json\/wp\/v2\/types\/product"}],"replies":[{"embeddable":true,"href":"https:\/\/www.nordi.ee\/en\/wp-json\/wp\/v2\/comments?post=38963"}],"wp:featuredmedia":[{"embeddable":true,"href":"https:\/\/www.nordi.ee\/en\/wp-json\/wp\/v2\/media\/19276"}],"wp:attachment":[{"href":"https:\/\/www.nordi.ee\/en\/wp-json\/wp\/v2\/media?parent=38963"}],"wp:term":[{"taxonomy":"product_brand","embeddable":true,"href":"https:\/\/www.nordi.ee\/en\/wp-json\/wp\/v2\/product_brand?post=38963"},{"taxonomy":"product_cat","embeddable":true,"href":"https:\/\/www.nordi.ee\/en\/wp-json\/wp\/v2\/product_cat?post=38963"},{"taxonomy":"product_tag","embeddable":true,"href":"https:\/\/www.nordi.ee\/en\/wp-json\/wp\/v2\/product_tag?post=38963"}],"curies":[{"name":"wp","href":"https:\/\/api.w.org\/{rel}","templated":true}]}}