{"id":38952,"date":"2025-11-12T09:59:37","date_gmt":"2025-11-12T07:59:37","guid":{"rendered":"https:\/\/www.nordi.ee\/toode\/televiisorialus-paxora-rtv-2-200-cm-kasmiir-must\/"},"modified":"2026-04-13T05:26:47","modified_gmt":"2026-04-13T02:26:47","slug":"televiisorialus-paxora-rtv-2-200-cm-kasmiir-must","status":"publish","type":"product","link":"https:\/\/www.nordi.ee\/en\/toode\/televiisorialus-paxora-rtv-2-200-cm-kasmiir-must\/","title":{"rendered":"Televiisorialus PAXORA RTV-2, 200 cm, ka\u0161miir \/ must"},"content":{"rendered":"<p>m\u00f5\u00f5tmed: 200\/40\/54 cm, materjal: laminaatkiht koosneva puitlaasti \/ laminaatkiht MDF \/ pulberv\u00e4rvitud teras, v\u00e4rv: ka\u0161miir \/ must<\/p>\n","protected":false},"excerpt":{"rendered":"<p>m\u00f5\u00f5tmed: 200\/40\/54 cm, materjal: laminaatkiht koosneva puitlaasti \/ laminaatkiht MDF \/ pulberv\u00e4rvitud teras, v\u00e4rv: ka\u0161miir \/ must<\/p>\n","protected":false},"featured_media":19272,"comment_status":"closed","ping_status":"open","template":"","meta":{"_gspb_post_css":""},"product_brand":[],"product_cat":[165,193],"product_tag":[],"class_list":{"0":"post-38952","1":"product","2":"type-product","3":"status-publish","4":"has-post-thumbnail","6":"product_cat-elutuba","7":"product_cat-tv-alused","8":"pa_korgus-1262","9":"pa_laius-1019","10":"pa_materjal-lamineeritud-mdf","11":"pa_materjal-lamineeritud-puitlaastplaat","12":"pa_materjal-pulbervarvitud-teras","13":"pa_pakkide-arv-295","14":"pa_stiil-kaasaegne","15":"pa_sugavus-646","16":"pa_vahelaos-jah","17":"pa_varv-beez","18":"pa_varv-must","20":"first","21":"instock","22":"sale","23":"purchasable","24":"product-type-simple"},"_links":{"self":[{"href":"https:\/\/www.nordi.ee\/en\/wp-json\/wp\/v2\/product\/38952","targetHints":{"allow":["GET"]}}],"collection":[{"href":"https:\/\/www.nordi.ee\/en\/wp-json\/wp\/v2\/product"}],"about":[{"href":"https:\/\/www.nordi.ee\/en\/wp-json\/wp\/v2\/types\/product"}],"replies":[{"embeddable":true,"href":"https:\/\/www.nordi.ee\/en\/wp-json\/wp\/v2\/comments?post=38952"}],"wp:featuredmedia":[{"embeddable":true,"href":"https:\/\/www.nordi.ee\/en\/wp-json\/wp\/v2\/media\/19272"}],"wp:attachment":[{"href":"https:\/\/www.nordi.ee\/en\/wp-json\/wp\/v2\/media?parent=38952"}],"wp:term":[{"taxonomy":"product_brand","embeddable":true,"href":"https:\/\/www.nordi.ee\/en\/wp-json\/wp\/v2\/product_brand?post=38952"},{"taxonomy":"product_cat","embeddable":true,"href":"https:\/\/www.nordi.ee\/en\/wp-json\/wp\/v2\/product_cat?post=38952"},{"taxonomy":"product_tag","embeddable":true,"href":"https:\/\/www.nordi.ee\/en\/wp-json\/wp\/v2\/product_tag?post=38952"}],"curies":[{"name":"wp","href":"https:\/\/api.w.org\/{rel}","templated":true}]}}