{"id":38529,"date":"2025-11-12T09:48:20","date_gmt":"2025-11-12T07:48:20","guid":{"rendered":"https:\/\/www.nordi.ee\/toode\/tool-rovant-must-beez-monolith-09\/"},"modified":"2026-04-13T05:26:24","modified_gmt":"2026-04-13T02:26:24","slug":"tool-rovant-must-beez-monolith-09","status":"publish","type":"product","link":"https:\/\/www.nordi.ee\/en\/toode\/tool-rovant-must-beez-monolith-09\/","title":{"rendered":"Tool ROVANT, must \/ bee\u017e Monolith 09"},"content":{"rendered":"<p>m\u00f5\u00f5tmed: 50\/61\/94\/49 cm, materjal: tahke p\u00f6\u00f6k, sametkangas, v\u00e4rv: must \/ MONOLITH 09 (beez)<\/p>\n","protected":false},"excerpt":{"rendered":"<p>m\u00f5\u00f5tmed: 50\/61\/94\/49 cm, materjal: tahke p\u00f6\u00f6k, sametkangas, v\u00e4rv: must \/ MONOLITH 09 (beez)<\/p>\n","protected":false},"featured_media":19134,"comment_status":"closed","ping_status":"open","template":"","meta":{"_gspb_post_css":""},"product_brand":[],"product_cat":[167,180],"product_tag":[],"class_list":{"0":"post-38529","1":"product","2":"type-product","3":"status-publish","4":"has-post-thumbnail","6":"product_cat-soogituba","7":"product_cat-toolid","8":"pa_istmekorgus-222","9":"pa_kanga-tuup-sametkangas","10":"pa_kanga-varv-beez","11":"pa_korgus-960","12":"pa_laius-300","13":"pa_pakkide-arv-226","14":"pa_raami-materjal-puit","15":"pa_raami-tuup-sirged-jalad","16":"pa_raami-varv-must","17":"pa_stiil-klassikaline","18":"pa_sugavus-1255","19":"pa_vahelaos-ei","20":"pa_varv-beez","21":"pa_varv-must","22":"pa_virnastatav-ei","24":"first","25":"instock","26":"sale","27":"purchasable","28":"product-type-simple"},"_links":{"self":[{"href":"https:\/\/www.nordi.ee\/en\/wp-json\/wp\/v2\/product\/38529","targetHints":{"allow":["GET"]}}],"collection":[{"href":"https:\/\/www.nordi.ee\/en\/wp-json\/wp\/v2\/product"}],"about":[{"href":"https:\/\/www.nordi.ee\/en\/wp-json\/wp\/v2\/types\/product"}],"replies":[{"embeddable":true,"href":"https:\/\/www.nordi.ee\/en\/wp-json\/wp\/v2\/comments?post=38529"}],"wp:featuredmedia":[{"embeddable":true,"href":"https:\/\/www.nordi.ee\/en\/wp-json\/wp\/v2\/media\/19134"}],"wp:attachment":[{"href":"https:\/\/www.nordi.ee\/en\/wp-json\/wp\/v2\/media?parent=38529"}],"wp:term":[{"taxonomy":"product_brand","embeddable":true,"href":"https:\/\/www.nordi.ee\/en\/wp-json\/wp\/v2\/product_brand?post=38529"},{"taxonomy":"product_cat","embeddable":true,"href":"https:\/\/www.nordi.ee\/en\/wp-json\/wp\/v2\/product_cat?post=38529"},{"taxonomy":"product_tag","embeddable":true,"href":"https:\/\/www.nordi.ee\/en\/wp-json\/wp\/v2\/product_tag?post=38529"}],"curies":[{"name":"wp","href":"https:\/\/api.w.org\/{rel}","templated":true}]}}