{"id":38367,"date":"2025-11-12T09:42:59","date_gmt":"2025-11-12T07:42:59","guid":{"rendered":"https:\/\/www.nordi.ee\/toode\/tool-gerav-2-tamm-inari-91\/"},"modified":"2026-04-13T05:26:11","modified_gmt":"2026-04-13T02:26:11","slug":"tool-gerav-2-tamm-inari-91","status":"publish","type":"product","link":"https:\/\/www.nordi.ee\/en\/toode\/tool-gerav-2-tamm-inari-91\/","title":{"rendered":"Tool GERAV 2, tamm \/ Inari 91"},"content":{"rendered":"<p>m\u00f5\u00f5tmed: 46\/55\/97\/47 cm, materjal: t\u00e4ispuitu p\u00f6\u00f6k \/ tkanina, v\u00e4rv: mesi tamm \/ Inari 91<\/p>\n","protected":false},"excerpt":{"rendered":"<p>m\u00f5\u00f5tmed: 46\/55\/97\/47 cm, materjal: t\u00e4ispuitu p\u00f6\u00f6k \/ tkanina, v\u00e4rv: mesi tamm \/ Inari 91<\/p>\n","protected":false},"featured_media":19067,"comment_status":"closed","ping_status":"open","template":"","meta":{"_gspb_post_css":""},"product_brand":[],"product_cat":[167,180],"product_tag":[],"class_list":{"0":"post-38367","1":"product","2":"type-product","3":"status-publish","4":"has-post-thumbnail","6":"product_cat-soogituba","7":"product_cat-toolid","8":"pa_istmekorgus-362","9":"pa_kanga-tuup-kangas","10":"pa_kanga-varv-hall","11":"pa_korgus-923","12":"pa_laius-874","13":"pa_pakkide-arv-226","14":"pa_raami-materjal-puit","15":"pa_raami-tuup-sirged-jalad","16":"pa_raami-varv-tamm","17":"pa_stiil-traditsiooniline","18":"pa_sugavus-1322","19":"pa_vahelaos-jah","20":"pa_varv-hall","21":"pa_varv-tamm","22":"pa_virnastatav-ei","24":"first","25":"instock","26":"sale","27":"purchasable","28":"product-type-simple"},"_links":{"self":[{"href":"https:\/\/www.nordi.ee\/en\/wp-json\/wp\/v2\/product\/38367","targetHints":{"allow":["GET"]}}],"collection":[{"href":"https:\/\/www.nordi.ee\/en\/wp-json\/wp\/v2\/product"}],"about":[{"href":"https:\/\/www.nordi.ee\/en\/wp-json\/wp\/v2\/types\/product"}],"replies":[{"embeddable":true,"href":"https:\/\/www.nordi.ee\/en\/wp-json\/wp\/v2\/comments?post=38367"}],"wp:featuredmedia":[{"embeddable":true,"href":"https:\/\/www.nordi.ee\/en\/wp-json\/wp\/v2\/media\/19067"}],"wp:attachment":[{"href":"https:\/\/www.nordi.ee\/en\/wp-json\/wp\/v2\/media?parent=38367"}],"wp:term":[{"taxonomy":"product_brand","embeddable":true,"href":"https:\/\/www.nordi.ee\/en\/wp-json\/wp\/v2\/product_brand?post=38367"},{"taxonomy":"product_cat","embeddable":true,"href":"https:\/\/www.nordi.ee\/en\/wp-json\/wp\/v2\/product_cat?post=38367"},{"taxonomy":"product_tag","embeddable":true,"href":"https:\/\/www.nordi.ee\/en\/wp-json\/wp\/v2\/product_tag?post=38367"}],"curies":[{"name":"wp","href":"https:\/\/api.w.org\/{rel}","templated":true}]}}