{"id":38326,"date":"2025-11-12T09:42:02","date_gmt":"2025-11-12T07:42:02","guid":{"rendered":"https:\/\/www.nordi.ee\/toode\/vitriinkapp-nestor-w-2-tamm-must\/"},"modified":"2026-04-13T05:26:08","modified_gmt":"2026-04-13T02:26:08","slug":"vitriinkapp-nestor-w-2-tamm-must","status":"publish","type":"product","link":"https:\/\/www.nordi.ee\/en\/toode\/vitriinkapp-nestor-w-2-tamm-must\/","title":{"rendered":"Vitriinkapp NESTOR W-2, tamm \/ must"},"content":{"rendered":"<p>n\u00e4ituskapid, m\u00f5\u00f5tmed: 60\/45\/192 cm, materjal: laminaatpuitplaat \/ klaas \/ pol\u00fcprop\u00fcleen, v\u00e4rv: lefkase tamm \/ must<\/p>\n","protected":false},"excerpt":{"rendered":"<p>n\u00e4ituskapid, m\u00f5\u00f5tmed: 60\/45\/192 cm, materjal: laminaatpuitplaat \/ klaas \/ pol\u00fcprop\u00fcleen, v\u00e4rv: lefkase tamm \/ must<\/p>\n","protected":false},"featured_media":19048,"comment_status":"closed","ping_status":"closed","template":"","meta":{"_gspb_post_css":""},"product_brand":[],"product_cat":[165,205,4062],"product_tag":[],"class_list":{"0":"post-38326","1":"product","2":"type-product","3":"status-publish","4":"has-post-thumbnail","6":"product_cat-elutuba","7":"product_cat-kapid","8":"product_cat-vitriinkapid","9":"pa_korgus-2473","10":"pa_laius-310","11":"pa_materjal-lamineeritud-puitlaastplaat","12":"pa_pakkide-arv-295","13":"pa_stiil-skandinaavia","14":"pa_stiil-loft","15":"pa_sugavus-221","16":"pa_vahelaos-jah","17":"pa_varv-tamm","18":"pa_varv-must","20":"first","21":"instock","22":"sale","23":"purchasable","24":"product-type-simple"},"_links":{"self":[{"href":"https:\/\/www.nordi.ee\/en\/wp-json\/wp\/v2\/product\/38326","targetHints":{"allow":["GET"]}}],"collection":[{"href":"https:\/\/www.nordi.ee\/en\/wp-json\/wp\/v2\/product"}],"about":[{"href":"https:\/\/www.nordi.ee\/en\/wp-json\/wp\/v2\/types\/product"}],"replies":[{"embeddable":true,"href":"https:\/\/www.nordi.ee\/en\/wp-json\/wp\/v2\/comments?post=38326"}],"wp:featuredmedia":[{"embeddable":true,"href":"https:\/\/www.nordi.ee\/en\/wp-json\/wp\/v2\/media\/19048"}],"wp:attachment":[{"href":"https:\/\/www.nordi.ee\/en\/wp-json\/wp\/v2\/media?parent=38326"}],"wp:term":[{"taxonomy":"product_brand","embeddable":true,"href":"https:\/\/www.nordi.ee\/en\/wp-json\/wp\/v2\/product_brand?post=38326"},{"taxonomy":"product_cat","embeddable":true,"href":"https:\/\/www.nordi.ee\/en\/wp-json\/wp\/v2\/product_cat?post=38326"},{"taxonomy":"product_tag","embeddable":true,"href":"https:\/\/www.nordi.ee\/en\/wp-json\/wp\/v2\/product_tag?post=38326"}],"curies":[{"name":"wp","href":"https:\/\/api.w.org\/{rel}","templated":true}]}}