{"id":38325,"date":"2025-11-12T09:41:13","date_gmt":"2025-11-12T07:41:13","guid":{"rendered":"https:\/\/www.nordi.ee\/toode\/kummut-nestor-km-1-tamm-must\/"},"modified":"2026-04-13T05:26:08","modified_gmt":"2026-04-13T02:26:08","slug":"kummut-nestor-km-1-tamm-must","status":"publish","type":"product","link":"https:\/\/www.nordi.ee\/en\/toode\/kummut-nestor-km-1-tamm-must\/","title":{"rendered":"Kummut NESTOR KM-1, tamm \/ must"},"content":{"rendered":"<p>kummut, m\u00f5\u00f5tmed: 150\/40\/100 cm, materjal: laminaatplaadist \/ pol\u00fcprop\u00fcleen, v\u00e4rv: lefkase tamme \/ must<\/p>\n","protected":false},"excerpt":{"rendered":"<p>kummut, m\u00f5\u00f5tmed: 150\/40\/100 cm, materjal: laminaatplaadist \/ pol\u00fcprop\u00fcleen, v\u00e4rv: lefkase tamme \/ must<\/p>\n","protected":false},"featured_media":19046,"comment_status":"closed","ping_status":"open","template":"","meta":{"_gspb_post_css":""},"product_brand":[],"product_cat":[4067],"product_tag":[],"class_list":{"0":"post-38325","1":"product","2":"type-product","3":"status-publish","4":"has-post-thumbnail","6":"product_cat-kummutid","7":"pa_vahelaos-ei","9":"first","10":"instock","11":"sale","12":"purchasable","13":"product-type-simple"},"_links":{"self":[{"href":"https:\/\/www.nordi.ee\/en\/wp-json\/wp\/v2\/product\/38325","targetHints":{"allow":["GET"]}}],"collection":[{"href":"https:\/\/www.nordi.ee\/en\/wp-json\/wp\/v2\/product"}],"about":[{"href":"https:\/\/www.nordi.ee\/en\/wp-json\/wp\/v2\/types\/product"}],"replies":[{"embeddable":true,"href":"https:\/\/www.nordi.ee\/en\/wp-json\/wp\/v2\/comments?post=38325"}],"wp:featuredmedia":[{"embeddable":true,"href":"https:\/\/www.nordi.ee\/en\/wp-json\/wp\/v2\/media\/19046"}],"wp:attachment":[{"href":"https:\/\/www.nordi.ee\/en\/wp-json\/wp\/v2\/media?parent=38325"}],"wp:term":[{"taxonomy":"product_brand","embeddable":true,"href":"https:\/\/www.nordi.ee\/en\/wp-json\/wp\/v2\/product_brand?post=38325"},{"taxonomy":"product_cat","embeddable":true,"href":"https:\/\/www.nordi.ee\/en\/wp-json\/wp\/v2\/product_cat?post=38325"},{"taxonomy":"product_tag","embeddable":true,"href":"https:\/\/www.nordi.ee\/en\/wp-json\/wp\/v2\/product_tag?post=38325"}],"curies":[{"name":"wp","href":"https:\/\/api.w.org\/{rel}","templated":true}]}}