{"id":38310,"date":"2025-11-12T09:41:13","date_gmt":"2025-11-12T07:41:13","guid":{"rendered":"https:\/\/www.nordi.ee\/toode\/ookapp-nelaro-tamm-must\/"},"modified":"2026-04-12T05:25:50","modified_gmt":"2026-04-12T02:25:50","slug":"ookapp-nelaro-tamm-must","status":"publish","type":"product","link":"https:\/\/www.nordi.ee\/en\/toode\/ookapp-nelaro-tamm-must\/","title":{"rendered":"\u00d6\u00f6kapp NELARO, tamm \/ must"},"content":{"rendered":"<p>m\u00f5\u00f5tmed: 40\/40\/52 cm; lamineeritud puitlaastplaat \/ lamineeritud MDF \/ pol\u00fcprop\u00fcleen, v\u00e4rv: k\u00e4sit\u00f6\u00f6 tamm \/ must<\/p>\n","protected":false},"excerpt":{"rendered":"<p>m\u00f5\u00f5tmed: 40\/40\/52 cm; lamineeritud puitlaastplaat \/ lamineeritud MDF \/ pol\u00fcprop\u00fcleen, v\u00e4rv: k\u00e4sit\u00f6\u00f6 tamm \/ must<\/p>\n","protected":false},"featured_media":19043,"comment_status":"closed","ping_status":"open","template":"","meta":{"_gspb_post_css":""},"product_brand":[],"product_cat":[166,199],"product_tag":[],"class_list":{"0":"post-38310","1":"product","2":"type-product","3":"status-publish","4":"has-post-thumbnail","6":"product_cat-magamistuba","7":"product_cat-ookapid","8":"pa_korgus-1866","9":"pa_laius-572","10":"pa_pakkide-arv-226","11":"pa_sobiv-madratsi-suurus-brak-opcji","12":"pa_stiil-kaasaegne","13":"pa_sugavus-646","14":"pa_vahelaos-ei","15":"pa_varv-must","16":"pa_varv-tamm","18":"first","19":"instock","20":"sale","21":"purchasable","22":"product-type-simple"},"_links":{"self":[{"href":"https:\/\/www.nordi.ee\/en\/wp-json\/wp\/v2\/product\/38310","targetHints":{"allow":["GET"]}}],"collection":[{"href":"https:\/\/www.nordi.ee\/en\/wp-json\/wp\/v2\/product"}],"about":[{"href":"https:\/\/www.nordi.ee\/en\/wp-json\/wp\/v2\/types\/product"}],"replies":[{"embeddable":true,"href":"https:\/\/www.nordi.ee\/en\/wp-json\/wp\/v2\/comments?post=38310"}],"wp:featuredmedia":[{"embeddable":true,"href":"https:\/\/www.nordi.ee\/en\/wp-json\/wp\/v2\/media\/19043"}],"wp:attachment":[{"href":"https:\/\/www.nordi.ee\/en\/wp-json\/wp\/v2\/media?parent=38310"}],"wp:term":[{"taxonomy":"product_brand","embeddable":true,"href":"https:\/\/www.nordi.ee\/en\/wp-json\/wp\/v2\/product_brand?post=38310"},{"taxonomy":"product_cat","embeddable":true,"href":"https:\/\/www.nordi.ee\/en\/wp-json\/wp\/v2\/product_cat?post=38310"},{"taxonomy":"product_tag","embeddable":true,"href":"https:\/\/www.nordi.ee\/en\/wp-json\/wp\/v2\/product_tag?post=38310"}],"curies":[{"name":"wp","href":"https:\/\/api.w.org\/{rel}","templated":true}]}}