{"id":38296,"date":"2025-11-12T09:41:13","date_gmt":"2025-11-12T07:41:13","guid":{"rendered":"https:\/\/www.nordi.ee\/toode\/kohvilaud-nevon-tume-pahkel\/"},"modified":"2026-04-13T05:26:05","modified_gmt":"2026-04-13T02:26:05","slug":"kohvilaud-nevon-tume-pahkel","status":"publish","type":"product","link":"https:\/\/www.nordi.ee\/en\/toode\/kohvilaud-nevon-tume-pahkel\/","title":{"rendered":"Kohvilaud NEVON, tume p\u00e4hkel"},"content":{"rendered":"<p>m\u00f5\u00f5tmed: 110\/60\/52 cm, materjal: laminaatplaadist, v\u00e4rv: tume p\u00e4hkel<\/p>\n","protected":false},"excerpt":{"rendered":"<p>m\u00f5\u00f5tmed: 110\/60\/52 cm, materjal: laminaatplaadist, v\u00e4rv: tume p\u00e4hkel<\/p>\n","protected":false},"featured_media":19032,"comment_status":"closed","ping_status":"open","template":"","meta":{"_gspb_post_css":""},"product_brand":[],"product_cat":[178,165],"product_tag":[],"class_list":{"0":"post-38296","1":"product","2":"type-product","3":"status-publish","4":"has-post-thumbnail","6":"product_cat-diivanilauad","7":"product_cat-elutuba","8":"pa_korgus-1866","9":"pa_laius-675","10":"pa_laua-varvus-pahkel","11":"pa_laua-viimistlus-matt","12":"pa_lauaplaadi-kuju-ristkulikukujuline","13":"pa_lauaplaadi-materjal-lamineeritud-puitlaastplaat","14":"pa_lisafunktsioonid-sahtlid","15":"pa_materjal-lamineeritud-puitlaastplaat","16":"pa_pakkide-arv-226","17":"pa_raami-materjal-lamineeritud-puitlaastplaat","18":"pa_raami-varv-pahkel","19":"pa_stiil-traditsiooniline","20":"pa_sugavus-316","21":"pa_vahelaos-ei","22":"pa_varv-pahkel","24":"first","25":"instock","26":"sale","27":"purchasable","28":"product-type-simple"},"_links":{"self":[{"href":"https:\/\/www.nordi.ee\/en\/wp-json\/wp\/v2\/product\/38296","targetHints":{"allow":["GET"]}}],"collection":[{"href":"https:\/\/www.nordi.ee\/en\/wp-json\/wp\/v2\/product"}],"about":[{"href":"https:\/\/www.nordi.ee\/en\/wp-json\/wp\/v2\/types\/product"}],"replies":[{"embeddable":true,"href":"https:\/\/www.nordi.ee\/en\/wp-json\/wp\/v2\/comments?post=38296"}],"wp:featuredmedia":[{"embeddable":true,"href":"https:\/\/www.nordi.ee\/en\/wp-json\/wp\/v2\/media\/19032"}],"wp:attachment":[{"href":"https:\/\/www.nordi.ee\/en\/wp-json\/wp\/v2\/media?parent=38296"}],"wp:term":[{"taxonomy":"product_brand","embeddable":true,"href":"https:\/\/www.nordi.ee\/en\/wp-json\/wp\/v2\/product_brand?post=38296"},{"taxonomy":"product_cat","embeddable":true,"href":"https:\/\/www.nordi.ee\/en\/wp-json\/wp\/v2\/product_cat?post=38296"},{"taxonomy":"product_tag","embeddable":true,"href":"https:\/\/www.nordi.ee\/en\/wp-json\/wp\/v2\/product_tag?post=38296"}],"curies":[{"name":"wp","href":"https:\/\/api.w.org\/{rel}","templated":true}]}}