{"id":37895,"date":"2025-11-12T09:29:26","date_gmt":"2025-11-12T07:29:26","guid":{"rendered":"https:\/\/www.nordi.ee\/toode\/tool-belvor-tamm-cremona-14-beez\/"},"modified":"2026-04-13T05:25:34","modified_gmt":"2026-04-13T02:25:34","slug":"tool-belvor-tamm-cremona-14-beez","status":"publish","type":"product","link":"https:\/\/www.nordi.ee\/en\/toode\/tool-belvor-tamm-cremona-14-beez\/","title":{"rendered":"Tool BELVOR, tamm \/ Cremona 14"},"content":{"rendered":"<p>m\u00f5\u00f5tmed: 86\/48\/56\/50 cm, materjal: kangas &#8211; CREMONA \/ massiv p\u00f6\u00f6k, v\u00e4rvid: jalad &#8211; naturaalne tamm, kangas &#8211; bee\u017e #14<\/p>\n","protected":false},"excerpt":{"rendered":"<p>m\u00f5\u00f5tmed: 86\/48\/56\/50 cm, materjal: kangas &#8211; CREMONA \/ massiv p\u00f6\u00f6k, v\u00e4rvid: jalad &#8211; naturaalne tamm, kangas &#8211; bee\u017e #14<\/p>\n","protected":false},"featured_media":18877,"comment_status":"closed","ping_status":"closed","template":"","meta":{"_gspb_post_css":""},"product_brand":[],"product_cat":[167,180],"product_tag":[],"class_list":{"0":"post-37895","1":"product","2":"type-product","3":"status-publish","4":"has-post-thumbnail","6":"product_cat-soogituba","7":"product_cat-toolid","8":"pa_istmekorgus-334","9":"pa_kanga-tuup-cremona-kangas","10":"pa_kanga-varv-beez","11":"pa_korgus-1117","12":"pa_laius-1762","13":"pa_pakkide-arv-226","14":"pa_raami-materjal-puit","15":"pa_raami-tuup-sirged-jalad","16":"pa_raami-varv-puiduimmitatsioon","17":"pa_stiil-klassikaline","18":"pa_stiil-modernne","19":"pa_sugavus-686","20":"pa_vahelaos-ei","21":"pa_varv-beez","22":"pa_varv-puit","23":"pa_virnastatav-ei","25":"first","26":"instock","27":"sale","28":"purchasable","29":"product-type-simple"},"_links":{"self":[{"href":"https:\/\/www.nordi.ee\/en\/wp-json\/wp\/v2\/product\/37895","targetHints":{"allow":["GET"]}}],"collection":[{"href":"https:\/\/www.nordi.ee\/en\/wp-json\/wp\/v2\/product"}],"about":[{"href":"https:\/\/www.nordi.ee\/en\/wp-json\/wp\/v2\/types\/product"}],"replies":[{"embeddable":true,"href":"https:\/\/www.nordi.ee\/en\/wp-json\/wp\/v2\/comments?post=37895"}],"wp:featuredmedia":[{"embeddable":true,"href":"https:\/\/www.nordi.ee\/en\/wp-json\/wp\/v2\/media\/18877"}],"wp:attachment":[{"href":"https:\/\/www.nordi.ee\/en\/wp-json\/wp\/v2\/media?parent=37895"}],"wp:term":[{"taxonomy":"product_brand","embeddable":true,"href":"https:\/\/www.nordi.ee\/en\/wp-json\/wp\/v2\/product_brand?post=37895"},{"taxonomy":"product_cat","embeddable":true,"href":"https:\/\/www.nordi.ee\/en\/wp-json\/wp\/v2\/product_cat?post=37895"},{"taxonomy":"product_tag","embeddable":true,"href":"https:\/\/www.nordi.ee\/en\/wp-json\/wp\/v2\/product_tag?post=37895"}],"curies":[{"name":"wp","href":"https:\/\/api.w.org\/{rel}","templated":true}]}}