{"id":37820,"date":"2025-11-12T09:27:04","date_gmt":"2025-11-12T07:27:04","guid":{"rendered":"https:\/\/www.nordi.ee\/toode\/kapp-muravon-s-1-kasitoo-tamm-must\/"},"modified":"2026-04-12T05:25:12","modified_gmt":"2026-04-12T02:25:12","slug":"kapp-muravon-s-1-kasitoo-tamm-must","status":"publish","type":"product","link":"https:\/\/www.nordi.ee\/en\/toode\/kapp-muravon-s-1-kasitoo-tamm-must\/","title":{"rendered":"Kapp MURAVON S-1, k\u00e4sit\u00f6\u00f6 tamm \/ must"},"content":{"rendered":"<p>kapikomplekt, m\u00f5\u00f5tmed: 80\/53\/205 cm, materjal: laminaat MDF \/ laminaat puitlaastplaat \/ pulberkattega teras, v\u00e4rv: k\u00e4sit\u00f6\u00f6 tamme \/ must<\/p>\n","protected":false},"excerpt":{"rendered":"<p>kapikomplekt, m\u00f5\u00f5tmed: 80\/53\/205 cm, materjal: laminaat MDF \/ laminaat puitlaastplaat \/ pulberkattega teras, v\u00e4rv: k\u00e4sit\u00f6\u00f6 tamme \/ must<\/p>\n","protected":false},"featured_media":18857,"comment_status":"closed","ping_status":"open","template":"","meta":{"_gspb_post_css":""},"product_brand":[],"product_cat":[166,194],"product_tag":[],"class_list":{"0":"post-37820","1":"product","2":"type-product","3":"status-publish","4":"has-post-thumbnail","6":"product_cat-magamistuba","7":"product_cat-riidekapid","8":"pa_korgus-2406","9":"pa_laius-353","10":"pa_materjal-lamineeritud-mdf","11":"pa_materjal-lamineeritud-puitlaastplaat","12":"pa_pakkide-arv-295","13":"pa_stiil-loft","14":"pa_stiil-moodne","15":"pa_sugavus-1307","16":"pa_vahelaos-jah","17":"pa_varv-artisan-tamm","18":"pa_varv-must","20":"first","21":"instock","22":"sale","23":"purchasable","24":"product-type-simple"},"_links":{"self":[{"href":"https:\/\/www.nordi.ee\/en\/wp-json\/wp\/v2\/product\/37820","targetHints":{"allow":["GET"]}}],"collection":[{"href":"https:\/\/www.nordi.ee\/en\/wp-json\/wp\/v2\/product"}],"about":[{"href":"https:\/\/www.nordi.ee\/en\/wp-json\/wp\/v2\/types\/product"}],"replies":[{"embeddable":true,"href":"https:\/\/www.nordi.ee\/en\/wp-json\/wp\/v2\/comments?post=37820"}],"wp:featuredmedia":[{"embeddable":true,"href":"https:\/\/www.nordi.ee\/en\/wp-json\/wp\/v2\/media\/18857"}],"wp:attachment":[{"href":"https:\/\/www.nordi.ee\/en\/wp-json\/wp\/v2\/media?parent=37820"}],"wp:term":[{"taxonomy":"product_brand","embeddable":true,"href":"https:\/\/www.nordi.ee\/en\/wp-json\/wp\/v2\/product_brand?post=37820"},{"taxonomy":"product_cat","embeddable":true,"href":"https:\/\/www.nordi.ee\/en\/wp-json\/wp\/v2\/product_cat?post=37820"},{"taxonomy":"product_tag","embeddable":true,"href":"https:\/\/www.nordi.ee\/en\/wp-json\/wp\/v2\/product_tag?post=37820"}],"curies":[{"name":"wp","href":"https:\/\/api.w.org\/{rel}","templated":true}]}}