{"id":37792,"date":"2025-11-12T09:25:07","date_gmt":"2025-11-12T07:25:07","guid":{"rendered":"https:\/\/www.nordi.ee\/toode\/kummut-muravon-km-1-kasitoo-tamm-must\/"},"modified":"2026-04-13T05:25:31","modified_gmt":"2026-04-13T02:25:31","slug":"kummut-muravon-km-1-kasitoo-tamm-must","status":"publish","type":"product","link":"https:\/\/www.nordi.ee\/en\/toode\/kummut-muravon-km-1-kasitoo-tamm-must\/","title":{"rendered":"Kummut MURAVON KM-1, k\u00e4sit\u00f6\u00f6 tamm \/ must"},"content":{"rendered":"<p>kapp, m\u00f5\u00f5tmed: 160\/40\/86 cm, materjal: laminaat MDF \/ laminaat puitlaastplaat \/ pulberv\u00e4rvitud teras, v\u00e4rv: artisan oak \/ must<\/p>\n","protected":false},"excerpt":{"rendered":"<p>kapp, m\u00f5\u00f5tmed: 160\/40\/86 cm, materjal: laminaat MDF \/ laminaat puitlaastplaat \/ pulberv\u00e4rvitud teras, v\u00e4rv: artisan oak \/ must<\/p>\n","protected":false},"featured_media":18849,"comment_status":"closed","ping_status":"open","template":"","meta":{"_gspb_post_css":""},"product_brand":[],"product_cat":[4067],"product_tag":[],"class_list":{"0":"post-37792","1":"product","2":"type-product","3":"status-publish","4":"has-post-thumbnail","6":"product_cat-kummutid","7":"pa_korgus-1155","8":"pa_laius-1270","9":"pa_materjal-lamineeritud-mdf","10":"pa_materjal-lamineeritud-puitlaastplaat","11":"pa_materjal-pulbervarvitud-teras","12":"pa_pakkide-arv-295","13":"pa_stiil-moodne","14":"pa_stiil-loft","15":"pa_sugavus-646","16":"pa_vahelaos-jah","17":"pa_varv-tamm","18":"pa_varv-must","20":"first","21":"instock","22":"sale","23":"purchasable","24":"product-type-simple"},"_links":{"self":[{"href":"https:\/\/www.nordi.ee\/en\/wp-json\/wp\/v2\/product\/37792","targetHints":{"allow":["GET"]}}],"collection":[{"href":"https:\/\/www.nordi.ee\/en\/wp-json\/wp\/v2\/product"}],"about":[{"href":"https:\/\/www.nordi.ee\/en\/wp-json\/wp\/v2\/types\/product"}],"replies":[{"embeddable":true,"href":"https:\/\/www.nordi.ee\/en\/wp-json\/wp\/v2\/comments?post=37792"}],"wp:featuredmedia":[{"embeddable":true,"href":"https:\/\/www.nordi.ee\/en\/wp-json\/wp\/v2\/media\/18849"}],"wp:attachment":[{"href":"https:\/\/www.nordi.ee\/en\/wp-json\/wp\/v2\/media?parent=37792"}],"wp:term":[{"taxonomy":"product_brand","embeddable":true,"href":"https:\/\/www.nordi.ee\/en\/wp-json\/wp\/v2\/product_brand?post=37792"},{"taxonomy":"product_cat","embeddable":true,"href":"https:\/\/www.nordi.ee\/en\/wp-json\/wp\/v2\/product_cat?post=37792"},{"taxonomy":"product_tag","embeddable":true,"href":"https:\/\/www.nordi.ee\/en\/wp-json\/wp\/v2\/product_tag?post=37792"}],"curies":[{"name":"wp","href":"https:\/\/api.w.org\/{rel}","templated":true}]}}