{"id":37773,"date":"2025-11-12T09:25:07","date_gmt":"2025-11-12T07:25:07","guid":{"rendered":"https:\/\/www.nordi.ee\/toode\/pikendatav-soogilaud-mozario-160-240\/"},"modified":"2026-04-13T05:25:30","modified_gmt":"2026-04-13T02:25:30","slug":"pikendatav-soogilaud-mozario-160-240","status":"publish","type":"product","link":"https:\/\/www.nordi.ee\/en\/toode\/pikendatav-soogilaud-mozario-160-240\/","title":{"rendered":"Pikendatav s\u00f6\u00f6gilaud MOZARIO 160\u2013240"},"content":{"rendered":"<p>laiendatav laud, m\u00f5\u00f5tmed: 160-240\/90\/75 cm, materjal: pind &#8211; laminaat MDF + ABS servad, jalad &#8211; massiivne p\u00f6\u00f6gipuu, v\u00e4rv: valge<\/p>\n","protected":false},"excerpt":{"rendered":"<p>laiendatav laud, m\u00f5\u00f5tmed: 160-240\/90\/75 cm, materjal: pind &#8211; laminaat MDF + ABS servad, jalad &#8211; massiivne p\u00f6\u00f6gipuu, v\u00e4rv: valge<\/p>\n","protected":false},"featured_media":18845,"comment_status":"closed","ping_status":"open","template":"","meta":{"_gspb_post_css":""},"product_brand":[],"product_cat":[190,167],"product_tag":[],"class_list":{"0":"post-37773","1":"product","2":"type-product","3":"status-publish","4":"has-post-thumbnail","6":"product_cat-soogilauad","7":"product_cat-soogituba","8":"pa_jalgade-arv-289","9":"pa_korgus-287","10":"pa_laius-349","11":"pa_laua-suurus-6-person-10-person","12":"pa_laua-varvus-valge","13":"pa_laua-viimistlus-laikiv","14":"pa_lauaplaadi-kuju-ristkulikukujuline","15":"pa_lauaplaadi-materjal-lamineeritud-puitlaastplaat","16":"pa_maximum-pikkus-4209","17":"pa_pakkide-arv-295","18":"pa_pikendatav-jah","19":"pa_raami-materjal-puit","20":"pa_stiil-klassikaline","21":"pa_sugavus-4084","22":"pa_vahelaos-jah","23":"pa_varv-valge","25":"first","26":"instock","27":"sale","28":"purchasable","29":"product-type-simple"},"_links":{"self":[{"href":"https:\/\/www.nordi.ee\/en\/wp-json\/wp\/v2\/product\/37773","targetHints":{"allow":["GET"]}}],"collection":[{"href":"https:\/\/www.nordi.ee\/en\/wp-json\/wp\/v2\/product"}],"about":[{"href":"https:\/\/www.nordi.ee\/en\/wp-json\/wp\/v2\/types\/product"}],"replies":[{"embeddable":true,"href":"https:\/\/www.nordi.ee\/en\/wp-json\/wp\/v2\/comments?post=37773"}],"wp:featuredmedia":[{"embeddable":true,"href":"https:\/\/www.nordi.ee\/en\/wp-json\/wp\/v2\/media\/18845"}],"wp:attachment":[{"href":"https:\/\/www.nordi.ee\/en\/wp-json\/wp\/v2\/media?parent=37773"}],"wp:term":[{"taxonomy":"product_brand","embeddable":true,"href":"https:\/\/www.nordi.ee\/en\/wp-json\/wp\/v2\/product_brand?post=37773"},{"taxonomy":"product_cat","embeddable":true,"href":"https:\/\/www.nordi.ee\/en\/wp-json\/wp\/v2\/product_cat?post=37773"},{"taxonomy":"product_tag","embeddable":true,"href":"https:\/\/www.nordi.ee\/en\/wp-json\/wp\/v2\/product_tag?post=37773"}],"curies":[{"name":"wp","href":"https:\/\/api.w.org\/{rel}","templated":true}]}}