{"id":37755,"date":"2025-11-12T09:24:40","date_gmt":"2025-11-12T07:24:40","guid":{"rendered":"https:\/\/www.nordi.ee\/toode\/voodipeats-montero-w6-tumesinine-monolith-77\/"},"modified":"2026-04-13T05:25:27","modified_gmt":"2026-04-13T02:25:27","slug":"voodipeats-montero-w6-tumesinine-monolith-77","status":"publish","type":"product","link":"https:\/\/www.nordi.ee\/en\/toode\/voodipeats-montero-w6-tumesinine-monolith-77\/","title":{"rendered":"Voodipeats MONTERO W6, tumesinine Monolith 77"},"content":{"rendered":"<p>W-6 peatsi MODULO voodile, koos voodipesu konteineriga ja t\u00f5stetud raami, m\u00f5\u00f5tmed: 175\/8\/120cm, materjal: kangas &#8211; samet, v\u00e4rv: tume sinine (Monolith 77). T\u00e4iendamiseks t\u00e4isvoodi jaoks tellige voodi karkass, peats ja voodi jalad.<\/p>\n","protected":false},"excerpt":{"rendered":"<p>W-6 peatsi MODULO voodile, koos voodipesu konteineriga ja t\u00f5stetud raami, m\u00f5\u00f5tmed: 175\/8\/120cm, materjal: kangas &#8211; samet, v\u00e4rv: tume sinine (Monolith 77). T\u00e4iendamiseks t\u00e4isvoodi jaoks tellige voodi karkass, peats ja voodi jalad.<\/p>\n","protected":false},"featured_media":18835,"comment_status":"closed","ping_status":"closed","template":"","meta":{"_gspb_post_css":""},"product_brand":[],"product_cat":[166,215,179,203],"product_tag":[],"class_list":{"0":"post-37755","1":"product","2":"type-product","3":"status-publish","4":"has-post-thumbnail","6":"product_cat-magamistuba","7":"product_cat-pehme-moobel","8":"product_cat-voodid","9":"product_cat-voodipeatsid","10":"pa_kanga-tuup-sametkangas","11":"pa_korgus-354","12":"pa_laius-2433","13":"pa_pakkide-arv-226","14":"pa_pesukast-jah","15":"pa_sobiv-madratsi-suurus-160x200cm","16":"pa_stiil-kaasaegne","17":"pa_sugavus-2451","18":"pa_vahelaos-ei","19":"pa_varv-tumesinine","20":"pa_voodituup-polsterdatud","22":"first","23":"instock","24":"sale","25":"purchasable","26":"product-type-simple"},"_links":{"self":[{"href":"https:\/\/www.nordi.ee\/en\/wp-json\/wp\/v2\/product\/37755","targetHints":{"allow":["GET"]}}],"collection":[{"href":"https:\/\/www.nordi.ee\/en\/wp-json\/wp\/v2\/product"}],"about":[{"href":"https:\/\/www.nordi.ee\/en\/wp-json\/wp\/v2\/types\/product"}],"replies":[{"embeddable":true,"href":"https:\/\/www.nordi.ee\/en\/wp-json\/wp\/v2\/comments?post=37755"}],"wp:featuredmedia":[{"embeddable":true,"href":"https:\/\/www.nordi.ee\/en\/wp-json\/wp\/v2\/media\/18835"}],"wp:attachment":[{"href":"https:\/\/www.nordi.ee\/en\/wp-json\/wp\/v2\/media?parent=37755"}],"wp:term":[{"taxonomy":"product_brand","embeddable":true,"href":"https:\/\/www.nordi.ee\/en\/wp-json\/wp\/v2\/product_brand?post=37755"},{"taxonomy":"product_cat","embeddable":true,"href":"https:\/\/www.nordi.ee\/en\/wp-json\/wp\/v2\/product_cat?post=37755"},{"taxonomy":"product_tag","embeddable":true,"href":"https:\/\/www.nordi.ee\/en\/wp-json\/wp\/v2\/product_tag?post=37755"}],"curies":[{"name":"wp","href":"https:\/\/api.w.org\/{rel}","templated":true}]}}