{"id":37705,"date":"2025-11-12T09:23:31","date_gmt":"2025-11-12T07:23:31","guid":{"rendered":"https:\/\/www.nordi.ee\/toode\/voodipeats-montero-w5-burgundiapunane-monolith-59\/"},"modified":"2026-04-13T05:25:22","modified_gmt":"2026-04-13T02:25:22","slug":"voodipeats-montero-w5-burgundiapunane-monolith-59","status":"publish","type":"product","link":"https:\/\/www.nordi.ee\/en\/toode\/voodipeats-montero-w5-burgundiapunane-monolith-59\/","title":{"rendered":"Voodipeats MONTERO W5, burgundiapunane Monolith 59"},"content":{"rendered":"<p>W-5 peatoed MODULO voodile koos voodipesu konteineriga ja k\u00f5rgendatud raamiga, m\u00f5\u00f5tmed: 175\/8\/120cm, materjal: kangas &#8211; samet, v\u00e4rv: tume punane (Monolith 59). T\u00e4ieliku voodi komplekteerimiseks tellige voodikorpus, peatoed ja voodi jalad.<\/p>\n","protected":false},"excerpt":{"rendered":"<p>W-5 peatoed MODULO voodile koos voodipesu konteineriga ja k\u00f5rgendatud raamiga, m\u00f5\u00f5tmed: 175\/8\/120cm, materjal: kangas &#8211; samet, v\u00e4rv: tume punane (Monolith 59). T\u00e4ieliku voodi komplekteerimiseks tellige voodikorpus, peatoed ja voodi jalad.<\/p>\n","protected":false},"featured_media":18811,"comment_status":"closed","ping_status":"closed","template":"","meta":{"_gspb_post_css":""},"product_brand":[],"product_cat":[166,215,179,203],"product_tag":[],"class_list":{"0":"post-37705","1":"product","2":"type-product","3":"status-publish","4":"has-post-thumbnail","6":"product_cat-magamistuba","7":"product_cat-pehme-moobel","8":"product_cat-voodid","9":"product_cat-voodipeatsid","10":"pa_kanga-tuup-sametkangas","11":"pa_korgus-354","12":"pa_laius-2433","13":"pa_pakkide-arv-226","14":"pa_pesukast-jah","15":"pa_sobiv-madratsi-suurus-160x200cm","16":"pa_stiil-kaasaegne","17":"pa_sugavus-2451","18":"pa_tuba-magamistuba","19":"pa_vahelaos-ei","20":"pa_varv-burgundia","21":"pa_voodituup-polsterdatud","23":"first","24":"instock","25":"sale","26":"purchasable","27":"product-type-simple"},"_links":{"self":[{"href":"https:\/\/www.nordi.ee\/en\/wp-json\/wp\/v2\/product\/37705","targetHints":{"allow":["GET"]}}],"collection":[{"href":"https:\/\/www.nordi.ee\/en\/wp-json\/wp\/v2\/product"}],"about":[{"href":"https:\/\/www.nordi.ee\/en\/wp-json\/wp\/v2\/types\/product"}],"replies":[{"embeddable":true,"href":"https:\/\/www.nordi.ee\/en\/wp-json\/wp\/v2\/comments?post=37705"}],"wp:featuredmedia":[{"embeddable":true,"href":"https:\/\/www.nordi.ee\/en\/wp-json\/wp\/v2\/media\/18811"}],"wp:attachment":[{"href":"https:\/\/www.nordi.ee\/en\/wp-json\/wp\/v2\/media?parent=37705"}],"wp:term":[{"taxonomy":"product_brand","embeddable":true,"href":"https:\/\/www.nordi.ee\/en\/wp-json\/wp\/v2\/product_brand?post=37705"},{"taxonomy":"product_cat","embeddable":true,"href":"https:\/\/www.nordi.ee\/en\/wp-json\/wp\/v2\/product_cat?post=37705"},{"taxonomy":"product_tag","embeddable":true,"href":"https:\/\/www.nordi.ee\/en\/wp-json\/wp\/v2\/product_tag?post=37705"}],"curies":[{"name":"wp","href":"https:\/\/api.w.org\/{rel}","templated":true}]}}