{"id":37694,"date":"2025-11-12T09:23:31","date_gmt":"2025-11-12T07:23:31","guid":{"rendered":"https:\/\/www.nordi.ee\/toode\/modulo-w5-peatoed-beez-monolith-09\/"},"modified":"2026-04-13T05:25:22","modified_gmt":"2026-04-13T02:25:22","slug":"voodipeats-modu-w5-beez-monolith-09","status":"publish","type":"product","link":"https:\/\/www.nordi.ee\/en\/toode\/voodipeats-modu-w5-beez-monolith-09\/","title":{"rendered":"Voodipeats MODU W5 bee\u017e Monolith 09"},"content":{"rendered":"<p>W-5 peatoed MODULO voodi jaoks, koos voodipesu konteineriga ja k\u00f5rgendatud raamiga, m\u00f5\u00f5dud: 175\/8\/120 cm, materjal: kangas &#8211; samet, v\u00e4rv: beez (Monolith 09). T\u00e4ieliku voodi komplektimiseks tellige voodi korpus, peatoed ja voodi jalad.<\/p>\n","protected":false},"excerpt":{"rendered":"<p>W-5 peatoed MODULO voodi jaoks, koos voodipesu konteineriga ja k\u00f5rgendatud raamiga, m\u00f5\u00f5dud: 175\/8\/120 cm, materjal: kangas &#8211; samet, v\u00e4rv: beez (Monolith 09). T\u00e4ieliku voodi komplektimiseks tellige voodi korpus, peatoed ja voodi jalad.<\/p>\n","protected":false},"featured_media":18807,"comment_status":"closed","ping_status":"closed","template":"","meta":{"_gspb_post_css":""},"product_brand":[],"product_cat":[166,215,179,203],"product_tag":[],"class_list":{"0":"post-37694","1":"product","2":"type-product","3":"status-publish","4":"has-post-thumbnail","6":"product_cat-magamistuba","7":"product_cat-pehme-moobel","8":"product_cat-voodid","9":"product_cat-voodipeatsid","10":"pa_kanga-tuup-sametkangas","11":"pa_korgus-354","12":"pa_laius-2433","13":"pa_pakkide-arv-226","14":"pa_pesukast-jah","15":"pa_sobiv-madratsi-suurus-160x200cm","16":"pa_stiil-kaasaegne","17":"pa_sugavus-2451","18":"pa_tuba-magamistuba","19":"pa_vahelaos-jah","20":"pa_varv-beez","21":"pa_voodituup-polsterdatud","23":"first","24":"instock","25":"sale","26":"purchasable","27":"product-type-simple"},"_links":{"self":[{"href":"https:\/\/www.nordi.ee\/en\/wp-json\/wp\/v2\/product\/37694","targetHints":{"allow":["GET"]}}],"collection":[{"href":"https:\/\/www.nordi.ee\/en\/wp-json\/wp\/v2\/product"}],"about":[{"href":"https:\/\/www.nordi.ee\/en\/wp-json\/wp\/v2\/types\/product"}],"replies":[{"embeddable":true,"href":"https:\/\/www.nordi.ee\/en\/wp-json\/wp\/v2\/comments?post=37694"}],"wp:featuredmedia":[{"embeddable":true,"href":"https:\/\/www.nordi.ee\/en\/wp-json\/wp\/v2\/media\/18807"}],"wp:attachment":[{"href":"https:\/\/www.nordi.ee\/en\/wp-json\/wp\/v2\/media?parent=37694"}],"wp:term":[{"taxonomy":"product_brand","embeddable":true,"href":"https:\/\/www.nordi.ee\/en\/wp-json\/wp\/v2\/product_brand?post=37694"},{"taxonomy":"product_cat","embeddable":true,"href":"https:\/\/www.nordi.ee\/en\/wp-json\/wp\/v2\/product_cat?post=37694"},{"taxonomy":"product_tag","embeddable":true,"href":"https:\/\/www.nordi.ee\/en\/wp-json\/wp\/v2\/product_tag?post=37694"}],"curies":[{"name":"wp","href":"https:\/\/api.w.org\/{rel}","templated":true}]}}