{"id":37638,"date":"2025-11-12T09:21:25","date_gmt":"2025-11-12T07:21:25","guid":{"rendered":"https:\/\/www.nordi.ee\/toode\/modulo-w4-peatoe-beez-monolith-09\/"},"modified":"2026-04-13T05:25:18","modified_gmt":"2026-04-13T02:25:18","slug":"voodipeats-modu-w4-beez-monolith-09","status":"publish","type":"product","link":"https:\/\/www.nordi.ee\/en\/toode\/voodipeats-modu-w4-beez-monolith-09\/","title":{"rendered":"Voodipeats MODU W4 &#8211; bee\u017e Monolith 09"},"content":{"rendered":"<p>W-4 peatoed MODULO voodile koos voodiriiete konteineriga ja t\u00f5stetud raamiga, m\u00f5\u00f5dud: 175\/8\/120cm, materjal: kangas &#8211; samet, v\u00e4rv: bee\u017e (Monolith 09). T\u00e4iendava voodi tellimiseks tellige voodi keha, peatoed ja voodi jalad.<\/p>\n","protected":false},"excerpt":{"rendered":"<p>W-4 peatoed MODULO voodile koos voodiriiete konteineriga ja t\u00f5stetud raamiga, m\u00f5\u00f5dud: 175\/8\/120cm, materjal: kangas &#8211; samet, v\u00e4rv: bee\u017e (Monolith 09). T\u00e4iendava voodi tellimiseks tellige voodi keha, peatoed ja voodi jalad.<\/p>\n","protected":false},"featured_media":18785,"comment_status":"closed","ping_status":"closed","template":"","meta":{"_gspb_post_css":""},"product_brand":[],"product_cat":[166,215,179,203],"product_tag":[],"class_list":{"0":"post-37638","1":"product","2":"type-product","3":"status-publish","4":"has-post-thumbnail","6":"product_cat-magamistuba","7":"product_cat-pehme-moobel","8":"product_cat-voodid","9":"product_cat-voodipeatsid","10":"pa_kanga-tuup-sametkangas","11":"pa_korgus-354","12":"pa_laius-2433","13":"pa_pakkide-arv-226","14":"pa_pesukast-jah","15":"pa_sobiv-madratsi-suurus-160x200cm","16":"pa_stiil-kaasaegne","17":"pa_sugavus-2451","18":"pa_tuba-magamistuba","19":"pa_vahelaos-jah","20":"pa_varv-beez","21":"pa_voodituup-polsterdatud","23":"first","24":"instock","25":"sale","26":"purchasable","27":"product-type-simple"},"_links":{"self":[{"href":"https:\/\/www.nordi.ee\/en\/wp-json\/wp\/v2\/product\/37638","targetHints":{"allow":["GET"]}}],"collection":[{"href":"https:\/\/www.nordi.ee\/en\/wp-json\/wp\/v2\/product"}],"about":[{"href":"https:\/\/www.nordi.ee\/en\/wp-json\/wp\/v2\/types\/product"}],"replies":[{"embeddable":true,"href":"https:\/\/www.nordi.ee\/en\/wp-json\/wp\/v2\/comments?post=37638"}],"wp:featuredmedia":[{"embeddable":true,"href":"https:\/\/www.nordi.ee\/en\/wp-json\/wp\/v2\/media\/18785"}],"wp:attachment":[{"href":"https:\/\/www.nordi.ee\/en\/wp-json\/wp\/v2\/media?parent=37638"}],"wp:term":[{"taxonomy":"product_brand","embeddable":true,"href":"https:\/\/www.nordi.ee\/en\/wp-json\/wp\/v2\/product_brand?post=37638"},{"taxonomy":"product_cat","embeddable":true,"href":"https:\/\/www.nordi.ee\/en\/wp-json\/wp\/v2\/product_cat?post=37638"},{"taxonomy":"product_tag","embeddable":true,"href":"https:\/\/www.nordi.ee\/en\/wp-json\/wp\/v2\/product_tag?post=37638"}],"curies":[{"name":"wp","href":"https:\/\/api.w.org\/{rel}","templated":true}]}}