{"id":37601,"date":"2025-11-12T09:20:23","date_gmt":"2025-11-12T07:20:23","guid":{"rendered":"https:\/\/www.nordi.ee\/toode\/voodipeats-montero-w3-burgundiapunane-monolith-59\/"},"modified":"2026-04-13T05:25:15","modified_gmt":"2026-04-13T02:25:15","slug":"voodipeats-montero-w3-burgundiapunane-monolith-59","status":"publish","type":"product","link":"https:\/\/www.nordi.ee\/en\/toode\/voodipeats-montero-w3-burgundiapunane-monolith-59\/","title":{"rendered":"Voodipeats MONTERO W3, burgundiapunane Monolith 59"},"content":{"rendered":"<p>W-3 peatoed MODULO voodi jaoks koos voodipesu konteineriga ja k\u00f5rgendatud raamiga, m\u00f5\u00f5dud: 175\/8\/120 cm, materjal: kangas &#8211; samet, v\u00e4rv: tume punane (Monolith 59). T\u00e4ieliku voodi komplekteerimiseks tellige voodiraam, peatoed ja voodi jalad.<\/p>\n","protected":false},"excerpt":{"rendered":"<p>W-3 peatoed MODULO voodi jaoks koos voodipesu konteineriga ja k\u00f5rgendatud raamiga, m\u00f5\u00f5dud: 175\/8\/120 cm, materjal: kangas &#8211; samet, v\u00e4rv: tume punane (Monolith 59). T\u00e4ieliku voodi komplekteerimiseks tellige voodiraam, peatoed ja voodi jalad.<\/p>\n","protected":false},"featured_media":18767,"comment_status":"closed","ping_status":"open","template":"","meta":{"_gspb_post_css":""},"product_brand":[],"product_cat":[166,215,179],"product_tag":[],"class_list":{"0":"post-37601","1":"product","2":"type-product","3":"status-publish","4":"has-post-thumbnail","6":"product_cat-magamistuba","7":"product_cat-pehme-moobel","8":"product_cat-voodid","9":"pa_kanga-tuup-sametkangas","10":"pa_korgus-354","11":"pa_laius-2433","12":"pa_pakkide-arv-226","13":"pa_pesukast-jah","14":"pa_sobiv-madratsi-suurus-160x200cm","15":"pa_stiil-kaasaegne","16":"pa_sugavus-2451","17":"pa_tuba-magamistuba","18":"pa_vahelaos-jah","19":"pa_varv-burgundia","20":"pa_voodituup-polsterdatud","22":"first","23":"instock","24":"sale","25":"purchasable","26":"product-type-simple"},"_links":{"self":[{"href":"https:\/\/www.nordi.ee\/en\/wp-json\/wp\/v2\/product\/37601","targetHints":{"allow":["GET"]}}],"collection":[{"href":"https:\/\/www.nordi.ee\/en\/wp-json\/wp\/v2\/product"}],"about":[{"href":"https:\/\/www.nordi.ee\/en\/wp-json\/wp\/v2\/types\/product"}],"replies":[{"embeddable":true,"href":"https:\/\/www.nordi.ee\/en\/wp-json\/wp\/v2\/comments?post=37601"}],"wp:featuredmedia":[{"embeddable":true,"href":"https:\/\/www.nordi.ee\/en\/wp-json\/wp\/v2\/media\/18767"}],"wp:attachment":[{"href":"https:\/\/www.nordi.ee\/en\/wp-json\/wp\/v2\/media?parent=37601"}],"wp:term":[{"taxonomy":"product_brand","embeddable":true,"href":"https:\/\/www.nordi.ee\/en\/wp-json\/wp\/v2\/product_brand?post=37601"},{"taxonomy":"product_cat","embeddable":true,"href":"https:\/\/www.nordi.ee\/en\/wp-json\/wp\/v2\/product_cat?post=37601"},{"taxonomy":"product_tag","embeddable":true,"href":"https:\/\/www.nordi.ee\/en\/wp-json\/wp\/v2\/product_tag?post=37601"}],"curies":[{"name":"wp","href":"https:\/\/api.w.org\/{rel}","templated":true}]}}