{"id":37569,"date":"2025-11-12T09:20:23","date_gmt":"2025-11-12T07:20:23","guid":{"rendered":"https:\/\/www.nordi.ee\/toode\/voodipeats-montero-w2-tumesinine-monolith-77\/"},"modified":"2026-04-13T05:25:13","modified_gmt":"2026-04-13T02:25:13","slug":"voodipeats-montero-w2-tumesinine-monolith-77","status":"publish","type":"product","link":"https:\/\/www.nordi.ee\/en\/toode\/voodipeats-montero-w2-tumesinine-monolith-77\/","title":{"rendered":"Voodipeats MONTERO W2, tumesinine Monolith 77"},"content":{"rendered":"<p>W-2 peats\u00e4ng MODULO voodi jaoks, millel on vooditarvete mahuti ja t\u00f5stetud raam, m\u00f5\u00f5tmed: 175\/8\/120cm, materjal: kangas &#8211; samet, v\u00e4rv: tume sinine (Monolith 77). T\u00e4ieliku voodi komplekteerimiseks tellige voodi keha, peats\u00e4ng ja voodi jalad.<\/p>\n","protected":false},"excerpt":{"rendered":"<p>W-2 peats\u00e4ng MODULO voodi jaoks, millel on vooditarvete mahuti ja t\u00f5stetud raam, m\u00f5\u00f5tmed: 175\/8\/120cm, materjal: kangas &#8211; samet, v\u00e4rv: tume sinine (Monolith 77). T\u00e4ieliku voodi komplekteerimiseks tellige voodi keha, peats\u00e4ng ja voodi jalad.<\/p>\n","protected":false},"featured_media":18753,"comment_status":"closed","ping_status":"open","template":"","meta":{"_gspb_post_css":""},"product_brand":[],"product_cat":[166,215,179],"product_tag":[],"class_list":{"0":"post-37569","1":"product","2":"type-product","3":"status-publish","4":"has-post-thumbnail","6":"product_cat-magamistuba","7":"product_cat-pehme-moobel","8":"product_cat-voodid","9":"pa_kanga-tuup-sametkangas","10":"pa_korgus-354","11":"pa_laius-2433","12":"pa_pakkide-arv-226","13":"pa_pesukast-jah","14":"pa_sobiv-madratsi-suurus-160x200cm","15":"pa_stiil-kaasaegne","16":"pa_sugavus-2451","17":"pa_vahelaos-jah","18":"pa_varv-tumesinine","19":"pa_voodituup-polsterdatud","21":"first","22":"instock","23":"sale","24":"purchasable","25":"product-type-simple"},"_links":{"self":[{"href":"https:\/\/www.nordi.ee\/en\/wp-json\/wp\/v2\/product\/37569","targetHints":{"allow":["GET"]}}],"collection":[{"href":"https:\/\/www.nordi.ee\/en\/wp-json\/wp\/v2\/product"}],"about":[{"href":"https:\/\/www.nordi.ee\/en\/wp-json\/wp\/v2\/types\/product"}],"replies":[{"embeddable":true,"href":"https:\/\/www.nordi.ee\/en\/wp-json\/wp\/v2\/comments?post=37569"}],"wp:featuredmedia":[{"embeddable":true,"href":"https:\/\/www.nordi.ee\/en\/wp-json\/wp\/v2\/media\/18753"}],"wp:attachment":[{"href":"https:\/\/www.nordi.ee\/en\/wp-json\/wp\/v2\/media?parent=37569"}],"wp:term":[{"taxonomy":"product_brand","embeddable":true,"href":"https:\/\/www.nordi.ee\/en\/wp-json\/wp\/v2\/product_brand?post=37569"},{"taxonomy":"product_cat","embeddable":true,"href":"https:\/\/www.nordi.ee\/en\/wp-json\/wp\/v2\/product_cat?post=37569"},{"taxonomy":"product_tag","embeddable":true,"href":"https:\/\/www.nordi.ee\/en\/wp-json\/wp\/v2\/product_tag?post=37569"}],"curies":[{"name":"wp","href":"https:\/\/api.w.org\/{rel}","templated":true}]}}