{"id":37465,"date":"2025-11-12T09:17:30","date_gmt":"2025-11-12T07:17:30","guid":{"rendered":"https:\/\/www.nordi.ee\/toode\/voodi-montero-160x200-hall-monolith-85\/"},"modified":"2026-04-13T05:25:05","modified_gmt":"2026-04-13T02:25:05","slug":"voodi-montero-160x200-hall-monolith-85","status":"publish","type":"product","link":"https:\/\/www.nordi.ee\/en\/toode\/voodi-montero-160x200-hall-monolith-85\/","title":{"rendered":"Voodi MONTERO 160&#215;200, hall Monolith 85"},"content":{"rendered":"<p>MODULO voodiraam koos voodipesu mahuti ja t\u00f5stetava raamiga, m\u00f5\u00f5tmed: 208\/175\/44 cm, materjal: kangas &#8211; samet, v\u00e4rv: hall (Monolith 85),<\/p>\n<p>*Voodi ilma madratsita, peale sobib madrats 160&#215;200.<\/p>\n<p>Voodile saab juurde osta peatsi siit: https:\/\/www.nordi.ee\/tootekategooria\/voodipeatsid\/<\/p>\n","protected":false},"excerpt":{"rendered":"<p>MODULO voodiraam koos voodipesu mahuti ja t\u00f5stetava raamiga, m\u00f5\u00f5tmed: 208\/175\/44 cm, materjal: kangas &#8211; samet, v\u00e4rv: hall (Monolith 85), *Voodi ilma madratsita, peale sobib madrats 160&#215;200. Voodile saab juurde osta peatsi siit: https:\/\/www.nordi.ee\/tootekategooria\/voodipeatsid\/<\/p>\n","protected":false},"featured_media":18709,"comment_status":"closed","ping_status":"closed","template":"","meta":{"_gspb_post_css":""},"product_brand":[],"product_cat":[166,215,179,203],"product_tag":[],"class_list":{"0":"post-37465","1":"product","2":"type-product","3":"status-publish","4":"has-post-thumbnail","6":"product_cat-magamistuba","7":"product_cat-pehme-moobel","8":"product_cat-voodid","9":"product_cat-voodipeatsid","10":"pa_kanga-tuup-sametkangas","11":"pa_korgus-552","12":"pa_laius-2433","13":"pa_pakkide-arv-466","14":"pa_pesukast-jah","15":"pa_sobiv-madratsi-suurus-160x200cm","16":"pa_stiil-kaasaegne","17":"pa_sugavus-4104","18":"pa_tuba-magamistuba","19":"pa_vahelaos-jah","20":"pa_varv-hall","21":"pa_voodituup-polsterdatud","23":"first","24":"instock","25":"sale","26":"purchasable","27":"product-type-simple"},"_links":{"self":[{"href":"https:\/\/www.nordi.ee\/en\/wp-json\/wp\/v2\/product\/37465","targetHints":{"allow":["GET"]}}],"collection":[{"href":"https:\/\/www.nordi.ee\/en\/wp-json\/wp\/v2\/product"}],"about":[{"href":"https:\/\/www.nordi.ee\/en\/wp-json\/wp\/v2\/types\/product"}],"replies":[{"embeddable":true,"href":"https:\/\/www.nordi.ee\/en\/wp-json\/wp\/v2\/comments?post=37465"}],"wp:featuredmedia":[{"embeddable":true,"href":"https:\/\/www.nordi.ee\/en\/wp-json\/wp\/v2\/media\/18709"}],"wp:attachment":[{"href":"https:\/\/www.nordi.ee\/en\/wp-json\/wp\/v2\/media?parent=37465"}],"wp:term":[{"taxonomy":"product_brand","embeddable":true,"href":"https:\/\/www.nordi.ee\/en\/wp-json\/wp\/v2\/product_brand?post=37465"},{"taxonomy":"product_cat","embeddable":true,"href":"https:\/\/www.nordi.ee\/en\/wp-json\/wp\/v2\/product_cat?post=37465"},{"taxonomy":"product_tag","embeddable":true,"href":"https:\/\/www.nordi.ee\/en\/wp-json\/wp\/v2\/product_tag?post=37465"}],"curies":[{"name":"wp","href":"https:\/\/api.w.org\/{rel}","templated":true}]}}