{"id":37420,"date":"2025-11-12T09:16:32","date_gmt":"2025-11-12T07:16:32","guid":{"rendered":"https:\/\/www.nordi.ee\/toode\/modulo-voodi-160-beez-monolith-09\/"},"modified":"2026-04-13T05:25:02","modified_gmt":"2026-04-13T02:25:02","slug":"voodi-montero-160-beez-monolith-09","status":"publish","type":"product","link":"https:\/\/www.nordi.ee\/en\/toode\/voodi-montero-160-beez-monolith-09\/","title":{"rendered":"Voodi MONTERO160, bee\u017e Monolith 09"},"content":{"rendered":"<p>MODULO voodiraam voodipesu mahuti ja t\u00f5stetava raamiga, m\u00f5\u00f5tmed: 208\/175\/44 cm, 2,5 cm vahe raami laudpaneelide vahel v\u00f5imaldab kasutada k\u00f5iki t\u00fc\u00fcpe madratseid, materjal: kangas &#8211; samet, v\u00e4rv: bee\u017e (Monolith 09), voodi ilma madratsita, valikuline madrats POLARIS 160 v\u00f5i SYRIUSZ 160. T\u00e4iendava voodi komplekti saamiseks tellige voodi korpus, peatsi ja voodi jalad.<\/p>\n","protected":false},"excerpt":{"rendered":"<p>MODULO voodiraam voodipesu mahuti ja t\u00f5stetava raamiga, m\u00f5\u00f5tmed: 208\/175\/44 cm, 2,5 cm vahe raami laudpaneelide vahel v\u00f5imaldab kasutada k\u00f5iki t\u00fc\u00fcpe madratseid, materjal: kangas &#8211; samet, v\u00e4rv: bee\u017e (Monolith 09), voodi ilma madratsita, valikuline madrats POLARIS 160 v\u00f5i SYRIUSZ 160. T\u00e4iendava voodi komplekti saamiseks tellige voodi korpus, peatsi ja voodi jalad.<\/p>\n","protected":false},"featured_media":18691,"comment_status":"closed","ping_status":"closed","template":"","meta":{"_gspb_post_css":""},"product_brand":[],"product_cat":[166,215,179],"product_tag":[],"class_list":{"0":"post-37420","1":"product","2":"type-product","3":"status-publish","4":"has-post-thumbnail","6":"product_cat-magamistuba","7":"product_cat-pehme-moobel","8":"product_cat-voodid","9":"pa_kanga-tuup-sametkangas","10":"pa_korgus-552","11":"pa_laius-2433","12":"pa_pakkide-arv-466","13":"pa_pesukast-jah","14":"pa_sobiv-madratsi-suurus-160x200cm","15":"pa_stiil-kaasaegne","16":"pa_sugavus-4104","17":"pa_tuba-magamistuba","18":"pa_vahelaos-jah","19":"pa_varv-beez","20":"pa_voodituup-polsterdatud","22":"first","23":"instock","24":"sale","25":"purchasable","26":"product-type-simple"},"_links":{"self":[{"href":"https:\/\/www.nordi.ee\/en\/wp-json\/wp\/v2\/product\/37420","targetHints":{"allow":["GET"]}}],"collection":[{"href":"https:\/\/www.nordi.ee\/en\/wp-json\/wp\/v2\/product"}],"about":[{"href":"https:\/\/www.nordi.ee\/en\/wp-json\/wp\/v2\/types\/product"}],"replies":[{"embeddable":true,"href":"https:\/\/www.nordi.ee\/en\/wp-json\/wp\/v2\/comments?post=37420"}],"wp:featuredmedia":[{"embeddable":true,"href":"https:\/\/www.nordi.ee\/en\/wp-json\/wp\/v2\/media\/18691"}],"wp:attachment":[{"href":"https:\/\/www.nordi.ee\/en\/wp-json\/wp\/v2\/media?parent=37420"}],"wp:term":[{"taxonomy":"product_brand","embeddable":true,"href":"https:\/\/www.nordi.ee\/en\/wp-json\/wp\/v2\/product_brand?post=37420"},{"taxonomy":"product_cat","embeddable":true,"href":"https:\/\/www.nordi.ee\/en\/wp-json\/wp\/v2\/product_cat?post=37420"},{"taxonomy":"product_tag","embeddable":true,"href":"https:\/\/www.nordi.ee\/en\/wp-json\/wp\/v2\/product_tag?post=37420"}],"curies":[{"name":"wp","href":"https:\/\/api.w.org\/{rel}","templated":true}]}}