{"id":37419,"date":"2025-11-12T09:16:32","date_gmt":"2025-11-12T07:16:32","guid":{"rendered":"https:\/\/www.nordi.ee\/toode\/modex-120-laud-varv-valge\/"},"modified":"2026-04-13T05:25:01","modified_gmt":"2026-04-13T02:25:01","slug":"modex-120-laud-varv-valge","status":"publish","type":"product","link":"https:\/\/www.nordi.ee\/en\/toode\/modex-120-laud-varv-valge\/","title":{"rendered":"S\u00f6\u00f6gilaud MODEX 120,  valge"},"content":{"rendered":"<p>m\u00f5\u00f5tmed: 120\/68\/75 cm, materjal: laminaatkiudplaadi paksus 32 mm \/ kroomitud teras, v\u00e4rv: valge<\/p>\n","protected":false},"excerpt":{"rendered":"<p>m\u00f5\u00f5tmed: 120\/68\/75 cm, materjal: laminaatkiudplaadi paksus 32 mm \/ kroomitud teras, v\u00e4rv: valge<\/p>\n","protected":false},"featured_media":18687,"comment_status":"closed","ping_status":"closed","template":"","meta":{"_gspb_post_css":""},"product_brand":[],"product_cat":[190,167],"product_tag":[],"class_list":{"0":"post-37419","1":"product","2":"type-product","3":"status-publish","4":"has-post-thumbnail","6":"product_cat-soogilauad","7":"product_cat-soogituba","8":"pa_jalgade-arv-289","9":"pa_korgus-287","10":"pa_laius-1062","11":"pa_laua-suurus-4-person","12":"pa_laua-varvus-valge","13":"pa_lauaplaadi-kuju-ristkulikukujuline","14":"pa_lauaplaadi-materjal-lamineeritud-puitlaastplaat","15":"pa_pakkide-arv-295","16":"pa_pikendatav-ei","17":"pa_stiil-traditsiooniline","18":"pa_sugavus-1832","19":"pa_vahelaos-ei","20":"pa_varv-kroomitud","21":"pa_varv-valge","23":"first","24":"instock","25":"sale","26":"purchasable","27":"product-type-simple"},"_links":{"self":[{"href":"https:\/\/www.nordi.ee\/en\/wp-json\/wp\/v2\/product\/37419","targetHints":{"allow":["GET"]}}],"collection":[{"href":"https:\/\/www.nordi.ee\/en\/wp-json\/wp\/v2\/product"}],"about":[{"href":"https:\/\/www.nordi.ee\/en\/wp-json\/wp\/v2\/types\/product"}],"replies":[{"embeddable":true,"href":"https:\/\/www.nordi.ee\/en\/wp-json\/wp\/v2\/comments?post=37419"}],"wp:featuredmedia":[{"embeddable":true,"href":"https:\/\/www.nordi.ee\/en\/wp-json\/wp\/v2\/media\/18687"}],"wp:attachment":[{"href":"https:\/\/www.nordi.ee\/en\/wp-json\/wp\/v2\/media?parent=37419"}],"wp:term":[{"taxonomy":"product_brand","embeddable":true,"href":"https:\/\/www.nordi.ee\/en\/wp-json\/wp\/v2\/product_brand?post=37419"},{"taxonomy":"product_cat","embeddable":true,"href":"https:\/\/www.nordi.ee\/en\/wp-json\/wp\/v2\/product_cat?post=37419"},{"taxonomy":"product_tag","embeddable":true,"href":"https:\/\/www.nordi.ee\/en\/wp-json\/wp\/v2\/product_tag?post=37419"}],"curies":[{"name":"wp","href":"https:\/\/api.w.org\/{rel}","templated":true}]}}