{"id":37267,"date":"2025-11-12T09:11:24","date_gmt":"2025-11-12T07:11:24","guid":{"rendered":"https:\/\/www.nordi.ee\/toode\/milano-3s-diivan-hele-beez-castel04-tume-pahkel\/"},"modified":"2026-04-13T05:24:34","modified_gmt":"2026-04-13T02:24:34","slug":"diivan-milavor-3s-hele-beez-tume-pahkel","status":"publish","type":"product","link":"https:\/\/www.nordi.ee\/en\/toode\/diivan-milavor-3s-hele-beez-tume-pahkel\/","title":{"rendered":"Diivan MILAVOR 3S hele bee\u017e\/ tume p\u00e4hkel"},"content":{"rendered":"<p>m\u00f5\u00f5tmed: 175\/77\/77\/44 cm; materjal: kangas &#8211; CASTEL \/ massiivne p\u00f6\u00f6k, v\u00e4rv: hele bee\u017e CASTEL#04 \/ tume p\u00e4hkel<\/p>\n","protected":false},"excerpt":{"rendered":"<p>m\u00f5\u00f5tmed: 175\/77\/77\/44 cm; materjal: kangas &#8211; CASTEL \/ massiivne p\u00f6\u00f6k, v\u00e4rv: hele bee\u017e CASTEL#04 \/ tume p\u00e4hkel<\/p>\n","protected":false},"featured_media":18571,"comment_status":"closed","ping_status":"closed","template":"","meta":{"_gspb_post_css":""},"product_brand":[],"product_cat":[202,215],"product_tag":[],"class_list":{"0":"post-37267","1":"product","2":"type-product","3":"status-publish","4":"has-post-thumbnail","6":"product_cat-diivanid","7":"product_cat-pehme-moobel","8":"pa_istmekorgus-456","9":"pa_jalgade-raami-materjal-puit","10":"pa_jalgade-raami-varv-pahkel","11":"pa_kanga-tuup-kangas","12":"pa_kanga-varv-hall","13":"pa_korgus-505","14":"pa_laius-2433","15":"pa_pakkide-arv-226","16":"pa_stiil-retro","17":"pa_stiil-traditsiooniline","18":"pa_sugavus-506","19":"pa_vahelaos-ei","20":"pa_varv-beez","22":"first","23":"instock","24":"sale","25":"purchasable","26":"product-type-simple"},"_links":{"self":[{"href":"https:\/\/www.nordi.ee\/en\/wp-json\/wp\/v2\/product\/37267","targetHints":{"allow":["GET"]}}],"collection":[{"href":"https:\/\/www.nordi.ee\/en\/wp-json\/wp\/v2\/product"}],"about":[{"href":"https:\/\/www.nordi.ee\/en\/wp-json\/wp\/v2\/types\/product"}],"replies":[{"embeddable":true,"href":"https:\/\/www.nordi.ee\/en\/wp-json\/wp\/v2\/comments?post=37267"}],"wp:featuredmedia":[{"embeddable":true,"href":"https:\/\/www.nordi.ee\/en\/wp-json\/wp\/v2\/media\/18571"}],"wp:attachment":[{"href":"https:\/\/www.nordi.ee\/en\/wp-json\/wp\/v2\/media?parent=37267"}],"wp:term":[{"taxonomy":"product_brand","embeddable":true,"href":"https:\/\/www.nordi.ee\/en\/wp-json\/wp\/v2\/product_brand?post=37267"},{"taxonomy":"product_cat","embeddable":true,"href":"https:\/\/www.nordi.ee\/en\/wp-json\/wp\/v2\/product_cat?post=37267"},{"taxonomy":"product_tag","embeddable":true,"href":"https:\/\/www.nordi.ee\/en\/wp-json\/wp\/v2\/product_tag?post=37267"}],"curies":[{"name":"wp","href":"https:\/\/api.w.org\/{rel}","templated":true}]}}