{"id":37063,"date":"2025-11-12T09:05:29","date_gmt":"2025-11-12T07:05:29","guid":{"rendered":"https:\/\/www.nordi.ee\/toode\/pikendatav-soogilaud-japario-hele-pahkel\/"},"modified":"2026-04-13T05:24:27","modified_gmt":"2026-04-13T02:24:27","slug":"pikendatav-soogilaud-japario-hele-pahkel","status":"publish","type":"product","link":"https:\/\/www.nordi.ee\/en\/toode\/pikendatav-soogilaud-japario-hele-pahkel\/","title":{"rendered":"Pikendatav s\u00f6\u00f6gilaud JAPARIO, hele p\u00e4hkel"},"content":{"rendered":"<p>pikendustabel, m\u00f5\u00f5tmed: 200-300\/101\/76 cm, materjal: MDF + naturaalne spoon (tamm) \/ massiivne p\u00f6\u00f6k, v\u00e4rv: pind &#8211; hele p\u00e4hkel, jalad &#8211; hele p\u00e4hkel<\/p>\n","protected":false},"excerpt":{"rendered":"<p>pikendustabel, m\u00f5\u00f5tmed: 200-300\/101\/76 cm, materjal: MDF + naturaalne spoon (tamm) \/ massiivne p\u00f6\u00f6k, v\u00e4rv: pind &#8211; hele p\u00e4hkel, jalad &#8211; hele p\u00e4hkel<\/p>\n","protected":false},"featured_media":18527,"comment_status":"closed","ping_status":"open","template":"","meta":{"_gspb_post_css":""},"product_brand":[],"product_cat":[190,167],"product_tag":[],"class_list":{"0":"post-37063","1":"product","2":"type-product","3":"status-publish","4":"has-post-thumbnail","6":"product_cat-soogilauad","7":"product_cat-soogituba","8":"pa_jalgade-arv-289","9":"pa_korgus-406","10":"pa_laius-2429","11":"pa_laua-suurus-8-person-10-person","12":"pa_laua-varvus-pahkel","13":"pa_laua-varvus-pruun","14":"pa_laua-viimistlus-matt","15":"pa_lauaplaadi-kuju-ristkulikukujuline","16":"pa_lauaplaadi-materjal-spoon","17":"pa_maximum-pikkus-4217","18":"pa_pakkide-arv-466","19":"pa_pikendatav-jah","20":"pa_raami-materjal-puit","21":"pa_stiil-klassikaline","22":"pa_stiil-modern","23":"pa_stiil-boho","24":"pa_sugavus-4095","25":"pa_vahelaos-jah","26":"pa_varv-pahkel","27":"pa_varv-pruun","29":"first","30":"instock","31":"sale","32":"purchasable","33":"product-type-simple"},"_links":{"self":[{"href":"https:\/\/www.nordi.ee\/en\/wp-json\/wp\/v2\/product\/37063","targetHints":{"allow":["GET"]}}],"collection":[{"href":"https:\/\/www.nordi.ee\/en\/wp-json\/wp\/v2\/product"}],"about":[{"href":"https:\/\/www.nordi.ee\/en\/wp-json\/wp\/v2\/types\/product"}],"replies":[{"embeddable":true,"href":"https:\/\/www.nordi.ee\/en\/wp-json\/wp\/v2\/comments?post=37063"}],"wp:featuredmedia":[{"embeddable":true,"href":"https:\/\/www.nordi.ee\/en\/wp-json\/wp\/v2\/media\/18527"}],"wp:attachment":[{"href":"https:\/\/www.nordi.ee\/en\/wp-json\/wp\/v2\/media?parent=37063"}],"wp:term":[{"taxonomy":"product_brand","embeddable":true,"href":"https:\/\/www.nordi.ee\/en\/wp-json\/wp\/v2\/product_brand?post=37063"},{"taxonomy":"product_cat","embeddable":true,"href":"https:\/\/www.nordi.ee\/en\/wp-json\/wp\/v2\/product_cat?post=37063"},{"taxonomy":"product_tag","embeddable":true,"href":"https:\/\/www.nordi.ee\/en\/wp-json\/wp\/v2\/product_tag?post=37063"}],"curies":[{"name":"wp","href":"https:\/\/api.w.org\/{rel}","templated":true}]}}