{"id":37047,"date":"2025-11-12T09:03:47","date_gmt":"2025-11-12T07:03:47","guid":{"rendered":"https:\/\/www.nordi.ee\/toode\/voodi-maxoria-mand\/"},"modified":"2026-04-13T05:24:26","modified_gmt":"2026-04-13T02:24:26","slug":"voodi-maxoria-mand","status":"publish","type":"product","link":"https:\/\/www.nordi.ee\/en\/toode\/voodi-maxoria-mand\/","title":{"rendered":"Voodi MAXORIA, m\u00e4nd"},"content":{"rendered":"<p>m\u00f5\u00f5tmed: 204\/97\/67 cm, materjal: lakitud m\u00e4nnipuu, v\u00e4rv: m\u00e4nd,<\/p>\n<p>*Voodi ilma madratsita, peale sobib madrats 160&#215;200.<\/p>\n<p>&nbsp;<\/p>\n","protected":false},"excerpt":{"rendered":"<p>m\u00f5\u00f5tmed: 204\/97\/67 cm, materjal: lakitud m\u00e4nnipuu, v\u00e4rv: m\u00e4nd, *Voodi ilma madratsita, peale sobib madrats 160&#215;200. &nbsp;<\/p>\n","protected":false},"featured_media":18519,"comment_status":"closed","ping_status":"open","template":"","meta":{"_gspb_post_css":""},"product_brand":[],"product_cat":[4066],"product_tag":[],"class_list":{"0":"post-37047","1":"product","2":"type-product","3":"status-publish","4":"has-post-thumbnail","6":"product_cat-lastevoodid","7":"pa_vahelaos-ei","9":"first","10":"instock","11":"sale","12":"purchasable","13":"product-type-simple"},"_links":{"self":[{"href":"https:\/\/www.nordi.ee\/en\/wp-json\/wp\/v2\/product\/37047","targetHints":{"allow":["GET"]}}],"collection":[{"href":"https:\/\/www.nordi.ee\/en\/wp-json\/wp\/v2\/product"}],"about":[{"href":"https:\/\/www.nordi.ee\/en\/wp-json\/wp\/v2\/types\/product"}],"replies":[{"embeddable":true,"href":"https:\/\/www.nordi.ee\/en\/wp-json\/wp\/v2\/comments?post=37047"}],"wp:featuredmedia":[{"embeddable":true,"href":"https:\/\/www.nordi.ee\/en\/wp-json\/wp\/v2\/media\/18519"}],"wp:attachment":[{"href":"https:\/\/www.nordi.ee\/en\/wp-json\/wp\/v2\/media?parent=37047"}],"wp:term":[{"taxonomy":"product_brand","embeddable":true,"href":"https:\/\/www.nordi.ee\/en\/wp-json\/wp\/v2\/product_brand?post=37047"},{"taxonomy":"product_cat","embeddable":true,"href":"https:\/\/www.nordi.ee\/en\/wp-json\/wp\/v2\/product_cat?post=37047"},{"taxonomy":"product_tag","embeddable":true,"href":"https:\/\/www.nordi.ee\/en\/wp-json\/wp\/v2\/product_tag?post=37047"}],"curies":[{"name":"wp","href":"https:\/\/api.w.org\/{rel}","templated":true}]}}