{"id":37001,"date":"2025-11-12T09:02:52","date_gmt":"2025-11-12T07:02:52","guid":{"rendered":"https:\/\/www.nordi.ee\/toode\/soogilaud-maurion-tume-pahkel\/"},"modified":"2026-04-13T05:24:24","modified_gmt":"2026-04-13T02:24:24","slug":"soogilaud-maurion-tume-pahkel","status":"publish","type":"product","link":"https:\/\/www.nordi.ee\/en\/toode\/soogilaud-maurion-tume-pahkel\/","title":{"rendered":"S\u00f6\u00f6gilaud MAURION, tume p\u00e4hkel"},"content":{"rendered":"<p>laiendatav laud, m\u00f5\u00f5tmed: 118\u00f7158\/75\/76 cm, materjal: pealispind &#8211; laminaatm\u00f6\u00f6bli pealispind, ABS-plast servadel, v\u00e4rv: tume p\u00e4hkel<\/p>\n","protected":false},"excerpt":{"rendered":"<p>laiendatav laud, m\u00f5\u00f5tmed: 118\u00f7158\/75\/76 cm, materjal: pealispind &#8211; laminaatm\u00f6\u00f6bli pealispind, ABS-plast servadel, v\u00e4rv: tume p\u00e4hkel<\/p>\n","protected":false},"featured_media":18504,"comment_status":"closed","ping_status":"open","template":"","meta":{"_gspb_post_css":""},"product_brand":[],"product_cat":[190,167],"product_tag":[],"class_list":{"0":"post-37001","1":"product","2":"type-product","3":"status-publish","4":"has-post-thumbnail","6":"product_cat-soogilauad","7":"product_cat-soogituba","8":"pa_jalgade-arv-289","9":"pa_korgus-406","10":"pa_laius-359","11":"pa_laua-suurus-4-person-6-person","12":"pa_laua-varvus-pahkel","13":"pa_laua-viimistlus-matt","14":"pa_lauaplaadi-kuju-ristkulikukujuline","15":"pa_lauaplaadi-materjal-lamineeritud-puitlaastplaat","16":"pa_maximum-pikkus-4231","17":"pa_pakkide-arv-295","18":"pa_pikendatav-jah","19":"pa_stiil-traditsiooniline","20":"pa_sugavus-4135","21":"pa_vahelaos-jah","22":"pa_varv-pahkel","24":"first","25":"instock","26":"sale","27":"purchasable","28":"product-type-simple"},"_links":{"self":[{"href":"https:\/\/www.nordi.ee\/en\/wp-json\/wp\/v2\/product\/37001","targetHints":{"allow":["GET"]}}],"collection":[{"href":"https:\/\/www.nordi.ee\/en\/wp-json\/wp\/v2\/product"}],"about":[{"href":"https:\/\/www.nordi.ee\/en\/wp-json\/wp\/v2\/types\/product"}],"replies":[{"embeddable":true,"href":"https:\/\/www.nordi.ee\/en\/wp-json\/wp\/v2\/comments?post=37001"}],"wp:featuredmedia":[{"embeddable":true,"href":"https:\/\/www.nordi.ee\/en\/wp-json\/wp\/v2\/media\/18504"}],"wp:attachment":[{"href":"https:\/\/www.nordi.ee\/en\/wp-json\/wp\/v2\/media?parent=37001"}],"wp:term":[{"taxonomy":"product_brand","embeddable":true,"href":"https:\/\/www.nordi.ee\/en\/wp-json\/wp\/v2\/product_brand?post=37001"},{"taxonomy":"product_cat","embeddable":true,"href":"https:\/\/www.nordi.ee\/en\/wp-json\/wp\/v2\/product_cat?post=37001"},{"taxonomy":"product_tag","embeddable":true,"href":"https:\/\/www.nordi.ee\/en\/wp-json\/wp\/v2\/product_tag?post=37001"}],"curies":[{"name":"wp","href":"https:\/\/api.w.org\/{rel}","templated":true}]}}