{"id":36991,"date":"2025-11-12T09:02:52","date_gmt":"2025-11-12T07:02:52","guid":{"rendered":"https:\/\/www.nordi.ee\/toode\/voodi-matilora-90x200-naturaalne-tamm\/"},"modified":"2026-04-12T05:23:59","modified_gmt":"2026-04-12T02:23:59","slug":"voodi-matilora-90x200-naturaalne-tamm","status":"publish","type":"product","link":"https:\/\/www.nordi.ee\/en\/toode\/voodi-matilora-90x200-naturaalne-tamm\/","title":{"rendered":"Voodi MATILORA 90&#215;200, naturaalne tamm"},"content":{"rendered":"<p>m\u00f5\u00f5tmed: 98\/205\/87 cm; materjal: massiivne p\u00f6\u00f6k, v\u00e4rv: looduslik, * Voodi ilma madratsita, peale sobib madrats 90&#215;200.<\/p>\n","protected":false},"excerpt":{"rendered":"<p>m\u00f5\u00f5tmed: 98\/205\/87 cm; materjal: massiivne p\u00f6\u00f6k, v\u00e4rv: looduslik, * Voodi ilma madratsita, peale sobib madrats 90&#215;200.<\/p>\n","protected":false},"featured_media":18496,"comment_status":"closed","ping_status":"open","template":"","meta":{"_gspb_post_css":""},"product_brand":[],"product_cat":[166,215,179],"product_tag":[],"class_list":{"0":"post-36991","1":"product","2":"type-product","3":"status-publish","4":"has-post-thumbnail","6":"product_cat-magamistuba","7":"product_cat-pehme-moobel","8":"product_cat-voodid","9":"pa_kanga-tuup-istmel-kangast-ei-ole","10":"pa_korgus-1130","11":"pa_laius-463","12":"pa_pakkide-arv-466","13":"pa_pesukast-ei","14":"pa_sobiv-madratsi-suurus-90x200cm","15":"pa_stiil-skandinaavia","16":"pa_stiil-traditsiooniline","17":"pa_sugavus-2274","18":"pa_vahelaos-ei","19":"pa_varv-puiduimmitatsioon","20":"pa_voodituup-puit","22":"first","23":"instock","24":"sale","25":"purchasable","26":"product-type-simple"},"_links":{"self":[{"href":"https:\/\/www.nordi.ee\/en\/wp-json\/wp\/v2\/product\/36991","targetHints":{"allow":["GET"]}}],"collection":[{"href":"https:\/\/www.nordi.ee\/en\/wp-json\/wp\/v2\/product"}],"about":[{"href":"https:\/\/www.nordi.ee\/en\/wp-json\/wp\/v2\/types\/product"}],"replies":[{"embeddable":true,"href":"https:\/\/www.nordi.ee\/en\/wp-json\/wp\/v2\/comments?post=36991"}],"wp:featuredmedia":[{"embeddable":true,"href":"https:\/\/www.nordi.ee\/en\/wp-json\/wp\/v2\/media\/18496"}],"wp:attachment":[{"href":"https:\/\/www.nordi.ee\/en\/wp-json\/wp\/v2\/media?parent=36991"}],"wp:term":[{"taxonomy":"product_brand","embeddable":true,"href":"https:\/\/www.nordi.ee\/en\/wp-json\/wp\/v2\/product_brand?post=36991"},{"taxonomy":"product_cat","embeddable":true,"href":"https:\/\/www.nordi.ee\/en\/wp-json\/wp\/v2\/product_cat?post=36991"},{"taxonomy":"product_tag","embeddable":true,"href":"https:\/\/www.nordi.ee\/en\/wp-json\/wp\/v2\/product_tag?post=36991"}],"curies":[{"name":"wp","href":"https:\/\/api.w.org\/{rel}","templated":true}]}}