{"id":36982,"date":"2025-11-12T09:02:00","date_gmt":"2025-11-12T07:02:00","guid":{"rendered":"https:\/\/www.nordi.ee\/toode\/porandamatiga-varv-kristallselge\/"},"modified":"2026-04-13T05:24:20","modified_gmt":"2026-04-13T02:24:20","slug":"porandamatiga-varv-kristallselge","status":"publish","type":"product","link":"https:\/\/www.nordi.ee\/en\/toode\/porandamatiga-varv-kristallselge\/","title":{"rendered":"P\u00f5randamatiga v\u00e4rv: kristallselge"},"content":{"rendered":"<p>100 x 125 cm, v\u00e4rv: kristallselge, materjal: pol\u00fckarbonaat<\/p>\n","protected":false},"excerpt":{"rendered":"<p>100 x 125 cm, v\u00e4rv: kristallselge, materjal: pol\u00fckarbonaat<\/p>\n","protected":false},"featured_media":18480,"comment_status":"closed","ping_status":"open","template":"","meta":{"_gspb_post_css":""},"product_brand":[],"product_cat":[216,4063],"product_tag":[],"class_list":{"0":"post-36982","1":"product","2":"type-product","3":"status-publish","4":"has-post-thumbnail","6":"product_cat-kontor","7":"product_cat-kontoritoolid","8":"pa_kandevoime-150-kg","9":"pa_korgus-0-1","10":"pa_laius-615","11":"pa_pakkide-arv-226","12":"pa_ratta-tuup-kumm","13":"pa_ratta-tuup-tavaline","14":"pa_sugavus-4160","15":"pa_tuba-kontor","16":"pa_tuba-lastetuba","17":"pa_vahelaos-jah","18":"pa_varv-labipaistev","20":"first","21":"instock","22":"sale","23":"purchasable","24":"product-type-simple"},"_links":{"self":[{"href":"https:\/\/www.nordi.ee\/en\/wp-json\/wp\/v2\/product\/36982","targetHints":{"allow":["GET"]}}],"collection":[{"href":"https:\/\/www.nordi.ee\/en\/wp-json\/wp\/v2\/product"}],"about":[{"href":"https:\/\/www.nordi.ee\/en\/wp-json\/wp\/v2\/types\/product"}],"replies":[{"embeddable":true,"href":"https:\/\/www.nordi.ee\/en\/wp-json\/wp\/v2\/comments?post=36982"}],"wp:featuredmedia":[{"embeddable":true,"href":"https:\/\/www.nordi.ee\/en\/wp-json\/wp\/v2\/media\/18480"}],"wp:attachment":[{"href":"https:\/\/www.nordi.ee\/en\/wp-json\/wp\/v2\/media?parent=36982"}],"wp:term":[{"taxonomy":"product_brand","embeddable":true,"href":"https:\/\/www.nordi.ee\/en\/wp-json\/wp\/v2\/product_brand?post=36982"},{"taxonomy":"product_cat","embeddable":true,"href":"https:\/\/www.nordi.ee\/en\/wp-json\/wp\/v2\/product_cat?post=36982"},{"taxonomy":"product_tag","embeddable":true,"href":"https:\/\/www.nordi.ee\/en\/wp-json\/wp\/v2\/product_tag?post=36982"}],"curies":[{"name":"wp","href":"https:\/\/api.w.org\/{rel}","templated":true}]}}