{"id":36981,"date":"2025-11-12T09:02:00","date_gmt":"2025-11-12T07:02:00","guid":{"rendered":"https:\/\/www.nordi.ee\/toode\/porandamati-varv-piimjas\/"},"modified":"2026-04-13T05:24:20","modified_gmt":"2026-04-13T02:24:20","slug":"porandamati-varv-piimjas","status":"publish","type":"product","link":"https:\/\/www.nordi.ee\/en\/toode\/porandamati-varv-piimjas\/","title":{"rendered":"P\u00f5randamati v\u00e4rv: piimjas"},"content":{"rendered":"<p>80 x 100 cm, v\u00e4rv: piimjas, materjal: pol\u00fcprop\u00fcleen<\/p>\n","protected":false},"excerpt":{"rendered":"<p>80 x 100 cm, v\u00e4rv: piimjas, materjal: pol\u00fcprop\u00fcleen<\/p>\n","protected":false},"featured_media":18478,"comment_status":"closed","ping_status":"open","template":"","meta":{"_gspb_post_css":""},"product_brand":[],"product_cat":[216,4063],"product_tag":[],"class_list":{"0":"post-36981","1":"product","2":"type-product","3":"status-publish","4":"has-post-thumbnail","6":"product_cat-kontor","7":"product_cat-kontoritoolid","8":"pa_kandevoime-150-kg","9":"pa_korgus-0-08","10":"pa_laius-353","11":"pa_pakkide-arv-226","12":"pa_ratta-tuup-kumm","13":"pa_ratta-tuup-tavaline","14":"pa_sugavus-1180","15":"pa_tuba-kontor","16":"pa_tuba-lapsetuba","17":"pa_vahelaos-jah","18":"pa_varv-labipaistev","20":"first","21":"instock","22":"sale","23":"purchasable","24":"product-type-simple"},"_links":{"self":[{"href":"https:\/\/www.nordi.ee\/en\/wp-json\/wp\/v2\/product\/36981","targetHints":{"allow":["GET"]}}],"collection":[{"href":"https:\/\/www.nordi.ee\/en\/wp-json\/wp\/v2\/product"}],"about":[{"href":"https:\/\/www.nordi.ee\/en\/wp-json\/wp\/v2\/types\/product"}],"replies":[{"embeddable":true,"href":"https:\/\/www.nordi.ee\/en\/wp-json\/wp\/v2\/comments?post=36981"}],"wp:featuredmedia":[{"embeddable":true,"href":"https:\/\/www.nordi.ee\/en\/wp-json\/wp\/v2\/media\/18478"}],"wp:attachment":[{"href":"https:\/\/www.nordi.ee\/en\/wp-json\/wp\/v2\/media?parent=36981"}],"wp:term":[{"taxonomy":"product_brand","embeddable":true,"href":"https:\/\/www.nordi.ee\/en\/wp-json\/wp\/v2\/product_brand?post=36981"},{"taxonomy":"product_cat","embeddable":true,"href":"https:\/\/www.nordi.ee\/en\/wp-json\/wp\/v2\/product_cat?post=36981"},{"taxonomy":"product_tag","embeddable":true,"href":"https:\/\/www.nordi.ee\/en\/wp-json\/wp\/v2\/product_tag?post=36981"}],"curies":[{"name":"wp","href":"https:\/\/api.w.org\/{rel}","templated":true}]}}