{"id":36952,"date":"2025-11-12T09:02:00","date_gmt":"2025-11-12T07:02:00","guid":{"rendered":"https:\/\/www.nordi.ee\/toode\/pikendatav-soogilaud-maseno-hele-tamm-must\/"},"modified":"2026-04-13T05:24:19","modified_gmt":"2026-04-13T02:24:19","slug":"pikendatav-soogilaud-maseno-hele-tamm-must","status":"publish","type":"product","link":"https:\/\/www.nordi.ee\/en\/toode\/pikendatav-soogilaud-maseno-hele-tamm-must\/","title":{"rendered":"Pikendatav S\u00f6\u00f6gilaud MASENO, hele tamm \/ must"},"content":{"rendered":"<p>laiendatav laud, m\u00f5\u00f5tmed: 160-250(340)\/90\/77 cm; materjal: pind &#8211; vineeritud plaat, servad &#8211; k\u00e4ideldav puit, jalad &#8211; pulberv\u00e4rvitud teras, v\u00e4rv: pind &#8211; hele tammes, jalad &#8211; must, *valikuline MASSIVE t\u00f6\u00f6pinna laiendus (m\u00f5\u00f5tmed: 45&#215;90 cm &#8211; 2 tk.) n\u00d5litatud t\u00f6\u00f6pind &#8211; vajab erilist hooldust, \u00fcksikasjad juhendis.<\/p>\n","protected":false},"excerpt":{"rendered":"<p>laiendatav laud, m\u00f5\u00f5tmed: 160-250(340)\/90\/77 cm; materjal: pind &#8211; vineeritud plaat, servad &#8211; k\u00e4ideldav puit, jalad &#8211; pulberv\u00e4rvitud teras, v\u00e4rv: pind &#8211; hele tammes, jalad &#8211; must, *valikuline MASSIVE t\u00f6\u00f6pinna laiendus (m\u00f5\u00f5tmed: 45&#215;90 cm &#8211; 2 tk.) n\u00d5litatud t\u00f6\u00f6pind &#8211; vajab erilist hooldust, \u00fcksikasjad juhendis.<\/p>\n","protected":false},"featured_media":18475,"comment_status":"closed","ping_status":"open","template":"","meta":{"_gspb_post_css":""},"product_brand":[],"product_cat":[190,167],"product_tag":[],"class_list":{"0":"post-36952","1":"product","2":"type-product","3":"status-publish","4":"has-post-thumbnail","6":"product_cat-soogilauad","7":"product_cat-soogituba","8":"pa_jalgade-arv-289","9":"pa_korgus-505","10":"pa_laius-349","11":"pa_laua-suurus-10-person-6-person","12":"pa_laua-varvus-tamm","13":"pa_laua-viimistlus-matt","14":"pa_lauaplaadi-kuju-ristkulikukujuline","15":"pa_lauaplaadi-materjal-spoon","16":"pa_maximum-pikkus-4222","17":"pa_pakkide-arv-295","18":"pa_pikendatav-jah","19":"pa_raami-materjal-metall","20":"pa_stiil-loft","21":"pa_sugavus-4084","22":"pa_vahelaos-jah","23":"pa_varv-tamm","24":"pa_varv-must","26":"first","27":"instock","28":"sale","29":"purchasable","30":"product-type-simple"},"_links":{"self":[{"href":"https:\/\/www.nordi.ee\/en\/wp-json\/wp\/v2\/product\/36952","targetHints":{"allow":["GET"]}}],"collection":[{"href":"https:\/\/www.nordi.ee\/en\/wp-json\/wp\/v2\/product"}],"about":[{"href":"https:\/\/www.nordi.ee\/en\/wp-json\/wp\/v2\/types\/product"}],"replies":[{"embeddable":true,"href":"https:\/\/www.nordi.ee\/en\/wp-json\/wp\/v2\/comments?post=36952"}],"wp:featuredmedia":[{"embeddable":true,"href":"https:\/\/www.nordi.ee\/en\/wp-json\/wp\/v2\/media\/18475"}],"wp:attachment":[{"href":"https:\/\/www.nordi.ee\/en\/wp-json\/wp\/v2\/media?parent=36952"}],"wp:term":[{"taxonomy":"product_brand","embeddable":true,"href":"https:\/\/www.nordi.ee\/en\/wp-json\/wp\/v2\/product_brand?post=36952"},{"taxonomy":"product_cat","embeddable":true,"href":"https:\/\/www.nordi.ee\/en\/wp-json\/wp\/v2\/product_cat?post=36952"},{"taxonomy":"product_tag","embeddable":true,"href":"https:\/\/www.nordi.ee\/en\/wp-json\/wp\/v2\/product_tag?post=36952"}],"curies":[{"name":"wp","href":"https:\/\/api.w.org\/{rel}","templated":true}]}}