{"id":36914,"date":"2025-11-12T09:00:16","date_gmt":"2025-11-12T07:00:16","guid":{"rendered":"https:\/\/www.nordi.ee\/toode\/pikendatav-soogilaud-maseno-3-naturaalne-tamm\/"},"modified":"2026-04-13T05:24:17","modified_gmt":"2026-04-13T02:24:17","slug":"pikendatav-soogilaud-maseno-3-naturaalne-tamm","status":"publish","type":"product","link":"https:\/\/www.nordi.ee\/en\/toode\/pikendatav-soogilaud-maseno-3-naturaalne-tamm\/","title":{"rendered":"Pikendatav S\u00f6\u00f6gilaud MASENO 3, naturaalne tamm"},"content":{"rendered":"<p>laiendatav laud, m\u00f5\u00f5tmed: 160-250(340)\/90\/77 cm; materjal: plaat &#8211; vineerit\u00f6\u00f6tlemine, servad &#8211; massiivne puit, jalad &#8211; massiivne tamme puit, v\u00e4rv: plaat &#8211; naturaalne tamm, jalad &#8211; naturaalne tamm, * valikuline MASSIIVNE 3 laua laiendus (m\u00f5\u00f5tmed: 45&#215;90 cm &#8211; 2 tk.)  n\u00d5litatud t\u00f6\u00f6pind &#8211; vajab erilist hooldust, detailid kasutusjuhendis.<\/p>\n","protected":false},"excerpt":{"rendered":"<p>laiendatav laud, m\u00f5\u00f5tmed: 160-250(340)\/90\/77 cm; materjal: plaat &#8211; vineerit\u00f6\u00f6tlemine, servad &#8211; massiivne puit, jalad &#8211; massiivne tamme puit, v\u00e4rv: plaat &#8211; naturaalne tamm, jalad &#8211; naturaalne tamm, * valikuline MASSIIVNE 3 laua laiendus (m\u00f5\u00f5tmed: 45&#215;90 cm &#8211; 2 tk.) n\u00d5litatud t\u00f6\u00f6pind &#8211; vajab erilist hooldust, detailid kasutusjuhendis.<\/p>\n","protected":false},"featured_media":18466,"comment_status":"closed","ping_status":"open","template":"","meta":{"_gspb_post_css":""},"product_brand":[],"product_cat":[190,167],"product_tag":[],"class_list":{"0":"post-36914","1":"product","2":"type-product","3":"status-publish","4":"has-post-thumbnail","6":"product_cat-soogilauad","7":"product_cat-soogituba","8":"pa_jalgade-arv-289","9":"pa_korgus-505","10":"pa_laius-349","11":"pa_laua-suurus-10-person-6-person","12":"pa_laua-varvus-pruun","13":"pa_laua-varvus-tamm","14":"pa_laua-viimistlus-matt","15":"pa_lauaplaadi-kuju-ristkulikukujuline","16":"pa_lauaplaadi-materjal-spoon","17":"pa_maximum-pikkus-4222","18":"pa_pakkide-arv-295","19":"pa_pikendatav-jah","20":"pa_raami-materjal-puit","21":"pa_stiil-moodne","22":"pa_stiil-skandinaavia","23":"pa_sugavus-4084","24":"pa_vahelaos-jah","25":"pa_varv-tamm","26":"pa_varv-pruun","28":"first","29":"instock","30":"sale","31":"purchasable","32":"product-type-simple"},"_links":{"self":[{"href":"https:\/\/www.nordi.ee\/en\/wp-json\/wp\/v2\/product\/36914","targetHints":{"allow":["GET"]}}],"collection":[{"href":"https:\/\/www.nordi.ee\/en\/wp-json\/wp\/v2\/product"}],"about":[{"href":"https:\/\/www.nordi.ee\/en\/wp-json\/wp\/v2\/types\/product"}],"replies":[{"embeddable":true,"href":"https:\/\/www.nordi.ee\/en\/wp-json\/wp\/v2\/comments?post=36914"}],"wp:featuredmedia":[{"embeddable":true,"href":"https:\/\/www.nordi.ee\/en\/wp-json\/wp\/v2\/media\/18466"}],"wp:attachment":[{"href":"https:\/\/www.nordi.ee\/en\/wp-json\/wp\/v2\/media?parent=36914"}],"wp:term":[{"taxonomy":"product_brand","embeddable":true,"href":"https:\/\/www.nordi.ee\/en\/wp-json\/wp\/v2\/product_brand?post=36914"},{"taxonomy":"product_cat","embeddable":true,"href":"https:\/\/www.nordi.ee\/en\/wp-json\/wp\/v2\/product_cat?post=36914"},{"taxonomy":"product_tag","embeddable":true,"href":"https:\/\/www.nordi.ee\/en\/wp-json\/wp\/v2\/product_tag?post=36914"}],"curies":[{"name":"wp","href":"https:\/\/api.w.org\/{rel}","templated":true}]}}