{"id":36879,"date":"2025-11-12T09:00:16","date_gmt":"2025-11-12T07:00:16","guid":{"rendered":"https:\/\/www.nordi.ee\/toode\/pikendatav-soogilaud-maseno-2-naturaalne-tamm\/"},"modified":"2026-04-13T05:24:15","modified_gmt":"2026-04-13T02:24:15","slug":"pikendatav-soogilaud-maseno-2-naturaalne-tamm","status":"publish","type":"product","link":"https:\/\/www.nordi.ee\/en\/toode\/pikendatav-soogilaud-maseno-2-naturaalne-tamm\/","title":{"rendered":"Pikendatav S\u00f6\u00f6gilaud MASENO 2, naturaalne tamm"},"content":{"rendered":"<p>laiendatav laud, m\u00f5\u00f5tmed: 160-250(340)\/90\/77 cm; materjal: pind &#8211; vineeritud plaat, servad &#8211; massiivne puidust, jalad &#8211; pulberkaetud teras, v\u00e4rv: pind &#8211; naturaalne tamm, jalad &#8211; must, * valikuline MASSIVE 2 t\u00f6\u00f6pinna laiendus (m\u00f5\u00f5tmed: 45&#215;90 cm &#8211; 2 tk.) n\u00f5litatud t\u00f6\u00f6pind &#8211; vajalik erihooldus, detailid k\u00e4itusjuhendis.<\/p>\n","protected":false},"excerpt":{"rendered":"<p>laiendatav laud, m\u00f5\u00f5tmed: 160-250(340)\/90\/77 cm; materjal: pind &#8211; vineeritud plaat, servad &#8211; massiivne puidust, jalad &#8211; pulberkaetud teras, v\u00e4rv: pind &#8211; naturaalne tamm, jalad &#8211; must, * valikuline MASSIVE 2 t\u00f6\u00f6pinna laiendus (m\u00f5\u00f5tmed: 45&#215;90 cm &#8211; 2 tk.) n\u00f5litatud t\u00f6\u00f6pind &#8211; vajalik erihooldus, detailid k\u00e4itusjuhendis.<\/p>\n","protected":false},"featured_media":18460,"comment_status":"closed","ping_status":"open","template":"","meta":{"_gspb_post_css":""},"product_brand":[],"product_cat":[190,167],"product_tag":[],"class_list":{"0":"post-36879","1":"product","2":"type-product","3":"status-publish","4":"has-post-thumbnail","6":"product_cat-soogilauad","7":"product_cat-soogituba","8":"pa_jalgade-arv-289","9":"pa_korgus-505","10":"pa_laius-349","11":"pa_laua-suurus-6-person-10-person","12":"pa_laua-varvus-pruun","13":"pa_laua-varvus-tamm","14":"pa_laua-viimistlus-matt","15":"pa_lauaplaadi-kuju-ristkulikukujuline","16":"pa_lauaplaadi-materjal-spoon","17":"pa_maximum-pikkus-4222","18":"pa_pakkide-arv-295","19":"pa_pikendatav-jah","20":"pa_raami-materjal-metall","21":"pa_stiil-modernne","22":"pa_stiil-skandinaavia","23":"pa_stiil-loft","24":"pa_sugavus-4084","25":"pa_vahelaos-jah","26":"pa_varv-must","28":"first","29":"instock","30":"sale","31":"purchasable","32":"product-type-simple"},"_links":{"self":[{"href":"https:\/\/www.nordi.ee\/en\/wp-json\/wp\/v2\/product\/36879","targetHints":{"allow":["GET"]}}],"collection":[{"href":"https:\/\/www.nordi.ee\/en\/wp-json\/wp\/v2\/product"}],"about":[{"href":"https:\/\/www.nordi.ee\/en\/wp-json\/wp\/v2\/types\/product"}],"replies":[{"embeddable":true,"href":"https:\/\/www.nordi.ee\/en\/wp-json\/wp\/v2\/comments?post=36879"}],"wp:featuredmedia":[{"embeddable":true,"href":"https:\/\/www.nordi.ee\/en\/wp-json\/wp\/v2\/media\/18460"}],"wp:attachment":[{"href":"https:\/\/www.nordi.ee\/en\/wp-json\/wp\/v2\/media?parent=36879"}],"wp:term":[{"taxonomy":"product_brand","embeddable":true,"href":"https:\/\/www.nordi.ee\/en\/wp-json\/wp\/v2\/product_brand?post=36879"},{"taxonomy":"product_cat","embeddable":true,"href":"https:\/\/www.nordi.ee\/en\/wp-json\/wp\/v2\/product_cat?post=36879"},{"taxonomy":"product_tag","embeddable":true,"href":"https:\/\/www.nordi.ee\/en\/wp-json\/wp\/v2\/product_tag?post=36879"}],"curies":[{"name":"wp","href":"https:\/\/api.w.org\/{rel}","templated":true}]}}