{"id":36878,"date":"2025-11-12T09:00:05","date_gmt":"2025-11-12T07:00:05","guid":{"rendered":"https:\/\/www.nordi.ee\/toode\/voodi-marvina-somer-tamm\/"},"modified":"2026-04-12T05:23:49","modified_gmt":"2026-04-12T02:23:49","slug":"lastevoodi-marvina-tamm","status":"publish","type":"product","link":"https:\/\/www.nordi.ee\/en\/toode\/lastevoodi-marvina-tamm\/","title":{"rendered":"Lastevoodi MARVINA, s\u00f5mer tamm"},"content":{"rendered":"<p>voodi, millel on v\u00e4ljat\u00f5mmatav alumine sahtel, m\u00f5\u00f5dud: 164\/88\/60 cm, materjal: lakitud t\u00e4ispuit m\u00e4nnipuu, v\u00e4rv: m\u00e4nd * Voodi ilma madratsita, peale sobib madrats 80&#215;160.<\/p>\n","protected":false},"excerpt":{"rendered":"<p>voodi, millel on v\u00e4ljat\u00f5mmatav alumine sahtel, m\u00f5\u00f5dud: 164\/88\/60 cm, materjal: lakitud t\u00e4ispuit m\u00e4nnipuu, v\u00e4rv: m\u00e4nd * Voodi ilma madratsita, peale sobib madrats 80&#215;160.<\/p>\n","protected":false},"featured_media":18457,"comment_status":"closed","ping_status":"closed","template":"","meta":{"_gspb_post_css":""},"product_brand":[],"product_cat":[166,215,179],"product_tag":[],"class_list":{"0":"post-36878","1":"product","2":"type-product","3":"status-publish","4":"has-post-thumbnail","6":"product_cat-magamistuba","7":"product_cat-pehme-moobel","8":"product_cat-voodid","9":"pa_korgus-1121","10":"pa_laius-855","11":"pa_materjal-taispuit","12":"pa_pakkide-arv-295","13":"pa_pesukast-jah","14":"pa_stiil-traditsiooniline","15":"pa_sugavus-4159","16":"pa_tuba-lastetuba","17":"pa_vahelaos-jah","18":"pa_varv-mand","20":"first","21":"instock","22":"sale","23":"purchasable","24":"product-type-simple"},"_links":{"self":[{"href":"https:\/\/www.nordi.ee\/en\/wp-json\/wp\/v2\/product\/36878","targetHints":{"allow":["GET"]}}],"collection":[{"href":"https:\/\/www.nordi.ee\/en\/wp-json\/wp\/v2\/product"}],"about":[{"href":"https:\/\/www.nordi.ee\/en\/wp-json\/wp\/v2\/types\/product"}],"replies":[{"embeddable":true,"href":"https:\/\/www.nordi.ee\/en\/wp-json\/wp\/v2\/comments?post=36878"}],"wp:featuredmedia":[{"embeddable":true,"href":"https:\/\/www.nordi.ee\/en\/wp-json\/wp\/v2\/media\/18457"}],"wp:attachment":[{"href":"https:\/\/www.nordi.ee\/en\/wp-json\/wp\/v2\/media?parent=36878"}],"wp:term":[{"taxonomy":"product_brand","embeddable":true,"href":"https:\/\/www.nordi.ee\/en\/wp-json\/wp\/v2\/product_brand?post=36878"},{"taxonomy":"product_cat","embeddable":true,"href":"https:\/\/www.nordi.ee\/en\/wp-json\/wp\/v2\/product_cat?post=36878"},{"taxonomy":"product_tag","embeddable":true,"href":"https:\/\/www.nordi.ee\/en\/wp-json\/wp\/v2\/product_tag?post=36878"}],"curies":[{"name":"wp","href":"https:\/\/api.w.org\/{rel}","templated":true}]}}