{"id":36874,"date":"2025-11-12T09:00:05","date_gmt":"2025-11-12T07:00:05","guid":{"rendered":"https:\/\/www.nordi.ee\/toode\/luini-16-varv-sonoma-tamme\/"},"modified":"2026-04-13T05:24:12","modified_gmt":"2026-04-13T02:24:12","slug":"luini-16-varv-sonoma-tamme","status":"publish","type":"product","link":"https:\/\/www.nordi.ee\/en\/toode\/luini-16-varv-sonoma-tamme\/","title":{"rendered":"Riiul LUIGI 16, sonoma tamm"},"content":{"rendered":"<p>m\u00f5\u00f5tmed: 139\/33\/144 cm, materjal: laminaatm\u00f6\u00f6bli pind, v\u00e4rv: sona mai puud.<\/p>\n","protected":false},"excerpt":{"rendered":"<p>m\u00f5\u00f5tmed: 139\/33\/144 cm, materjal: laminaatm\u00f6\u00f6bli pind, v\u00e4rv: sona mai puud.<\/p>\n","protected":false},"featured_media":18448,"comment_status":"closed","ping_status":"closed","template":"","meta":{"_gspb_post_css":""},"product_brand":[],"product_cat":[165,200],"product_tag":[],"class_list":{"0":"post-36874","1":"product","2":"type-product","3":"status-publish","4":"has-post-thumbnail","6":"product_cat-elutuba","7":"product_cat-riiulid","8":"pa_korgus-2300","9":"pa_laius-680","10":"pa_materjal-lamineeritud-puitlaastplaat","11":"pa_pakkide-arv-295","12":"pa_stiil-traditsiooniline","13":"pa_sugavus-1006","14":"pa_vahelaos-jah","15":"pa_varv-tamm","17":"first","18":"instock","19":"sale","20":"purchasable","21":"product-type-simple"},"_links":{"self":[{"href":"https:\/\/www.nordi.ee\/en\/wp-json\/wp\/v2\/product\/36874","targetHints":{"allow":["GET"]}}],"collection":[{"href":"https:\/\/www.nordi.ee\/en\/wp-json\/wp\/v2\/product"}],"about":[{"href":"https:\/\/www.nordi.ee\/en\/wp-json\/wp\/v2\/types\/product"}],"replies":[{"embeddable":true,"href":"https:\/\/www.nordi.ee\/en\/wp-json\/wp\/v2\/comments?post=36874"}],"wp:featuredmedia":[{"embeddable":true,"href":"https:\/\/www.nordi.ee\/en\/wp-json\/wp\/v2\/media\/18448"}],"wp:attachment":[{"href":"https:\/\/www.nordi.ee\/en\/wp-json\/wp\/v2\/media?parent=36874"}],"wp:term":[{"taxonomy":"product_brand","embeddable":true,"href":"https:\/\/www.nordi.ee\/en\/wp-json\/wp\/v2\/product_brand?post=36874"},{"taxonomy":"product_cat","embeddable":true,"href":"https:\/\/www.nordi.ee\/en\/wp-json\/wp\/v2\/product_cat?post=36874"},{"taxonomy":"product_tag","embeddable":true,"href":"https:\/\/www.nordi.ee\/en\/wp-json\/wp\/v2\/product_tag?post=36874"}],"curies":[{"name":"wp","href":"https:\/\/api.w.org\/{rel}","templated":true}]}}