{"id":36851,"date":"2025-11-12T08:59:19","date_gmt":"2025-11-12T06:59:19","guid":{"rendered":"https:\/\/www.nordi.ee\/toode\/livo-rtv-180-tv-alus-koos-kaminaga-valge\/"},"modified":"2026-04-13T05:24:11","modified_gmt":"2026-04-13T02:24:11","slug":"livo-rtv-180-tv-alus-koos-kaminaga-valge","status":"publish","type":"product","link":"https:\/\/www.nordi.ee\/en\/toode\/livo-rtv-180-tv-alus-koos-kaminaga-valge\/","title":{"rendered":"LIVO RTV 180 TV alus koos kaminaga, valge"},"content":{"rendered":"<p>m\u00f5\u00f5tmed: 180\/40\/30 cm, materjal: korpus &#8211; mati viimistlusega, esipaneel &#8211; k\u00f5rgl\u00e4ikega MDF, push-click s\u00fcsteem, gaasit\u00f5stukid, v\u00e4rv: valge<\/p>\n","protected":false},"excerpt":{"rendered":"<p>m\u00f5\u00f5tmed: 180\/40\/30 cm, materjal: korpus &#8211; mati viimistlusega, esipaneel &#8211; k\u00f5rgl\u00e4ikega MDF, push-click s\u00fcsteem, gaasit\u00f5stukid, v\u00e4rv: valge<\/p>\n","protected":false},"featured_media":18444,"comment_status":"closed","ping_status":"open","template":"","meta":{"_gspb_post_css":""},"product_brand":[],"product_cat":[165,193],"product_tag":[],"class_list":{"0":"post-36851","1":"product","2":"type-product","3":"status-publish","4":"has-post-thumbnail","6":"product_cat-elutuba","7":"product_cat-tv-alused","8":"pa_korgus-841","9":"pa_laius-1300","10":"pa_materjal-lamineeritud-mdf","11":"pa_materjal-lamineeritud-puitlaastplaat","12":"pa_pakkide-arv-295","13":"pa_stiil-kaasaegne","14":"pa_sugavus-624","15":"pa_vahelaos-jah","16":"pa_varv-valge","18":"first","19":"instock","20":"sale","21":"purchasable","22":"product-type-simple"},"_links":{"self":[{"href":"https:\/\/www.nordi.ee\/en\/wp-json\/wp\/v2\/product\/36851","targetHints":{"allow":["GET"]}}],"collection":[{"href":"https:\/\/www.nordi.ee\/en\/wp-json\/wp\/v2\/product"}],"about":[{"href":"https:\/\/www.nordi.ee\/en\/wp-json\/wp\/v2\/types\/product"}],"replies":[{"embeddable":true,"href":"https:\/\/www.nordi.ee\/en\/wp-json\/wp\/v2\/comments?post=36851"}],"wp:featuredmedia":[{"embeddable":true,"href":"https:\/\/www.nordi.ee\/en\/wp-json\/wp\/v2\/media\/18444"}],"wp:attachment":[{"href":"https:\/\/www.nordi.ee\/en\/wp-json\/wp\/v2\/media?parent=36851"}],"wp:term":[{"taxonomy":"product_brand","embeddable":true,"href":"https:\/\/www.nordi.ee\/en\/wp-json\/wp\/v2\/product_brand?post=36851"},{"taxonomy":"product_cat","embeddable":true,"href":"https:\/\/www.nordi.ee\/en\/wp-json\/wp\/v2\/product_cat?post=36851"},{"taxonomy":"product_tag","embeddable":true,"href":"https:\/\/www.nordi.ee\/en\/wp-json\/wp\/v2\/product_tag?post=36851"}],"curies":[{"name":"wp","href":"https:\/\/api.w.org\/{rel}","templated":true}]}}