{"id":36830,"date":"2025-11-12T08:58:46","date_gmt":"2025-11-12T06:58:46","guid":{"rendered":"https:\/\/www.nordi.ee\/toode\/jalatsikapp-limora-st2-kasitoo-tamm\/"},"modified":"2026-04-13T05:24:04","modified_gmt":"2026-04-13T02:24:04","slug":"jalatsikapp-limora-st2-kasitoo-tamm","status":"publish","type":"product","link":"https:\/\/www.nordi.ee\/en\/toode\/jalatsikapp-limora-st2-kasitoo-tamm\/","title":{"rendered":"Jalatsikapp LIMORA ST2, k\u00e4sit\u00f6\u00f6 tamm"},"content":{"rendered":"<p>m\u00f5\u00f5dud: 70\/32\/45 cm, materjal: laminaatplaat, ABS servad, v\u00e4rv: k\u00e4sit\u00f6\u00f6lise tamm<\/p>\n","protected":false},"excerpt":{"rendered":"<p>m\u00f5\u00f5dud: 70\/32\/45 cm, materjal: laminaatplaat, ABS servad, v\u00e4rv: k\u00e4sit\u00f6\u00f6lise tamm<\/p>\n","protected":false},"featured_media":18405,"comment_status":"closed","ping_status":"open","template":"","meta":{"_gspb_post_css":""},"product_brand":[],"product_cat":[187,2098],"product_tag":[],"class_list":{"0":"post-36830","1":"product","2":"type-product","3":"status-publish","4":"has-post-thumbnail","6":"product_cat-esikumoobel","7":"product_cat-jalanoukapid","8":"pa_kanga-varv-tumehall","9":"pa_korgus-343","10":"pa_laius-427","11":"pa_materjal-kangas","12":"pa_materjal-lamineeritud-puitlaastplaat","13":"pa_pakkide-arv-226","14":"pa_stiil-traditsiooniline","15":"pa_sugavus-2197","16":"pa_tooli-materjal-kangas","17":"pa_vahelaos-jah","18":"pa_varv-tamm","20":"first","21":"instock","22":"sale","23":"purchasable","24":"product-type-simple"},"_links":{"self":[{"href":"https:\/\/www.nordi.ee\/en\/wp-json\/wp\/v2\/product\/36830","targetHints":{"allow":["GET"]}}],"collection":[{"href":"https:\/\/www.nordi.ee\/en\/wp-json\/wp\/v2\/product"}],"about":[{"href":"https:\/\/www.nordi.ee\/en\/wp-json\/wp\/v2\/types\/product"}],"replies":[{"embeddable":true,"href":"https:\/\/www.nordi.ee\/en\/wp-json\/wp\/v2\/comments?post=36830"}],"wp:featuredmedia":[{"embeddable":true,"href":"https:\/\/www.nordi.ee\/en\/wp-json\/wp\/v2\/media\/18405"}],"wp:attachment":[{"href":"https:\/\/www.nordi.ee\/en\/wp-json\/wp\/v2\/media?parent=36830"}],"wp:term":[{"taxonomy":"product_brand","embeddable":true,"href":"https:\/\/www.nordi.ee\/en\/wp-json\/wp\/v2\/product_brand?post=36830"},{"taxonomy":"product_cat","embeddable":true,"href":"https:\/\/www.nordi.ee\/en\/wp-json\/wp\/v2\/product_cat?post=36830"},{"taxonomy":"product_tag","embeddable":true,"href":"https:\/\/www.nordi.ee\/en\/wp-json\/wp\/v2\/product_tag?post=36830"}],"curies":[{"name":"wp","href":"https:\/\/api.w.org\/{rel}","templated":true}]}}