{"id":36827,"date":"2025-11-12T08:58:46","date_gmt":"2025-11-12T06:58:46","guid":{"rendered":"https:\/\/www.nordi.ee\/toode\/lima-sn-1-ootualett-varv-valge\/"},"modified":"2026-04-12T05:23:37","modified_gmt":"2026-04-12T02:23:37","slug":"lima-sn-1-ootualett-varv-valge","status":"publish","type":"product","link":"https:\/\/www.nordi.ee\/en\/toode\/lima-sn-1-ootualett-varv-valge\/","title":{"rendered":"\u00d6\u00f6kapp LIMORA SN-1, valge"},"content":{"rendered":"<p>m\u00f5\u00f5tmed: 39\/40\/44 cm, materjal: laminaatkiudpuit \/ k\u00f5rgl\u00e4ikega, ABS-servad, v\u00e4rv: valge<\/p>\n","protected":false},"excerpt":{"rendered":"<p>m\u00f5\u00f5tmed: 39\/40\/44 cm, materjal: laminaatkiudpuit \/ k\u00f5rgl\u00e4ikega, ABS-servad, v\u00e4rv: valge<\/p>\n","protected":false},"featured_media":18398,"comment_status":"closed","ping_status":"closed","template":"","meta":{"_gspb_post_css":""},"product_brand":[],"product_cat":[166,199],"product_tag":[],"class_list":{"0":"post-36827","1":"product","2":"type-product","3":"status-publish","4":"has-post-thumbnail","6":"product_cat-magamistuba","7":"product_cat-ookapid","8":"pa_kanga-varv-ilma-polstrita","9":"pa_korgus-552","10":"pa_laius-396","11":"pa_materjal-lamineeritud-puitlaastplaat","12":"pa_pakkide-arv-226","13":"pa_sobiv-madratsi-suurus-brak-opcji","14":"pa_stiil-traditsiooniline","15":"pa_sugavus-646","16":"pa_vahelaos-jah","17":"pa_varv-valge","19":"first","20":"instock","21":"sale","22":"purchasable","23":"product-type-simple"},"_links":{"self":[{"href":"https:\/\/www.nordi.ee\/en\/wp-json\/wp\/v2\/product\/36827","targetHints":{"allow":["GET"]}}],"collection":[{"href":"https:\/\/www.nordi.ee\/en\/wp-json\/wp\/v2\/product"}],"about":[{"href":"https:\/\/www.nordi.ee\/en\/wp-json\/wp\/v2\/types\/product"}],"replies":[{"embeddable":true,"href":"https:\/\/www.nordi.ee\/en\/wp-json\/wp\/v2\/comments?post=36827"}],"wp:featuredmedia":[{"embeddable":true,"href":"https:\/\/www.nordi.ee\/en\/wp-json\/wp\/v2\/media\/18398"}],"wp:attachment":[{"href":"https:\/\/www.nordi.ee\/en\/wp-json\/wp\/v2\/media?parent=36827"}],"wp:term":[{"taxonomy":"product_brand","embeddable":true,"href":"https:\/\/www.nordi.ee\/en\/wp-json\/wp\/v2\/product_brand?post=36827"},{"taxonomy":"product_cat","embeddable":true,"href":"https:\/\/www.nordi.ee\/en\/wp-json\/wp\/v2\/product_cat?post=36827"},{"taxonomy":"product_tag","embeddable":true,"href":"https:\/\/www.nordi.ee\/en\/wp-json\/wp\/v2\/product_tag?post=36827"}],"curies":[{"name":"wp","href":"https:\/\/api.w.org\/{rel}","templated":true}]}}