{"id":36815,"date":"2025-11-12T08:58:16","date_gmt":"2025-11-12T06:58:16","guid":{"rendered":"https:\/\/www.nordi.ee\/toode\/lima-s1-varv-sonoma-tammed-valge\/"},"modified":"2026-04-12T05:23:30","modified_gmt":"2026-04-12T02:23:30","slug":"lima-s1-varv-sonoma-tammed-valge","status":"publish","type":"product","link":"https:\/\/www.nordi.ee\/en\/toode\/lima-s1-varv-sonoma-tammed-valge\/","title":{"rendered":"Riidekapp LIMORA S1,  tamme \/ valge"},"content":{"rendered":"<p>m\u00f5\u00f5dud: 153\/58\/210 cm, materjal: laminaatplaat \/ k\u00f5rgl\u00e4ige, ABS-servad, v\u00e4rv: sonoma tamme-valge<\/p>\n","protected":false},"excerpt":{"rendered":"<p>m\u00f5\u00f5dud: 153\/58\/210 cm, materjal: laminaatplaat \/ k\u00f5rgl\u00e4ige, ABS-servad, v\u00e4rv: sonoma tamme-valge<\/p>\n","protected":false},"featured_media":18373,"comment_status":"closed","ping_status":"closed","template":"","meta":{"_gspb_post_css":""},"product_brand":[],"product_cat":[166,194],"product_tag":[],"class_list":{"0":"post-36815","1":"product","2":"type-product","3":"status-publish","4":"has-post-thumbnail","6":"product_cat-magamistuba","7":"product_cat-riidekapid","8":"pa_korgus-2403","9":"pa_laius-2402","10":"pa_materjal-lamineeritud-puitlaastplaat","11":"pa_pakkide-arv-466","12":"pa_stiil-traditsiooniline","13":"pa_sugavus-924","14":"pa_vahelaos-jah","15":"pa_varv-tamm","16":"pa_varv-valge","18":"first","19":"instock","20":"sale","21":"purchasable","22":"product-type-simple"},"_links":{"self":[{"href":"https:\/\/www.nordi.ee\/en\/wp-json\/wp\/v2\/product\/36815","targetHints":{"allow":["GET"]}}],"collection":[{"href":"https:\/\/www.nordi.ee\/en\/wp-json\/wp\/v2\/product"}],"about":[{"href":"https:\/\/www.nordi.ee\/en\/wp-json\/wp\/v2\/types\/product"}],"replies":[{"embeddable":true,"href":"https:\/\/www.nordi.ee\/en\/wp-json\/wp\/v2\/comments?post=36815"}],"wp:featuredmedia":[{"embeddable":true,"href":"https:\/\/www.nordi.ee\/en\/wp-json\/wp\/v2\/media\/18373"}],"wp:attachment":[{"href":"https:\/\/www.nordi.ee\/en\/wp-json\/wp\/v2\/media?parent=36815"}],"wp:term":[{"taxonomy":"product_brand","embeddable":true,"href":"https:\/\/www.nordi.ee\/en\/wp-json\/wp\/v2\/product_brand?post=36815"},{"taxonomy":"product_cat","embeddable":true,"href":"https:\/\/www.nordi.ee\/en\/wp-json\/wp\/v2\/product_cat?post=36815"},{"taxonomy":"product_tag","embeddable":true,"href":"https:\/\/www.nordi.ee\/en\/wp-json\/wp\/v2\/product_tag?post=36815"}],"curies":[{"name":"wp","href":"https:\/\/api.w.org\/{rel}","templated":true}]}}