{"id":36814,"date":"2025-11-12T08:58:16","date_gmt":"2025-11-12T06:58:16","guid":{"rendered":"https:\/\/www.nordi.ee\/toode\/lima-s-1-varv-valge\/"},"modified":"2026-04-12T05:23:30","modified_gmt":"2026-04-12T02:23:30","slug":"lima-s-1-varv-valge","status":"publish","type":"product","link":"https:\/\/www.nordi.ee\/en\/toode\/lima-s-1-varv-valge\/","title":{"rendered":"Riidekapp LIMORA S-1,  valge"},"content":{"rendered":"<p>m\u00f5\u00f5tmed: 153\/58\/205 cm, materjal: laminaatplaadist \/ k\u00f5rgl\u00e4ikega, ABS servad, v\u00e4rv: valge<\/p>\n","protected":false},"excerpt":{"rendered":"<p>m\u00f5\u00f5tmed: 153\/58\/205 cm, materjal: laminaatplaadist \/ k\u00f5rgl\u00e4ikega, ABS servad, v\u00e4rv: valge<\/p>\n","protected":false},"featured_media":18370,"comment_status":"closed","ping_status":"closed","template":"","meta":{"_gspb_post_css":""},"product_brand":[],"product_cat":[166,194],"product_tag":[],"class_list":{"0":"post-36814","1":"product","2":"type-product","3":"status-publish","4":"has-post-thumbnail","6":"product_cat-magamistuba","7":"product_cat-riidekapid","8":"pa_korgus-2403","9":"pa_laius-2402","10":"pa_materjal-lamineeritud-puitlaastplaat","11":"pa_pakkide-arv-466","12":"pa_stiil-traditsiooniline","13":"pa_sugavus-924","14":"pa_vahelaos-jah","15":"pa_varv-valge","17":"first","18":"instock","19":"sale","20":"purchasable","21":"product-type-simple"},"_links":{"self":[{"href":"https:\/\/www.nordi.ee\/en\/wp-json\/wp\/v2\/product\/36814","targetHints":{"allow":["GET"]}}],"collection":[{"href":"https:\/\/www.nordi.ee\/en\/wp-json\/wp\/v2\/product"}],"about":[{"href":"https:\/\/www.nordi.ee\/en\/wp-json\/wp\/v2\/types\/product"}],"replies":[{"embeddable":true,"href":"https:\/\/www.nordi.ee\/en\/wp-json\/wp\/v2\/comments?post=36814"}],"wp:featuredmedia":[{"embeddable":true,"href":"https:\/\/www.nordi.ee\/en\/wp-json\/wp\/v2\/media\/18370"}],"wp:attachment":[{"href":"https:\/\/www.nordi.ee\/en\/wp-json\/wp\/v2\/media?parent=36814"}],"wp:term":[{"taxonomy":"product_brand","embeddable":true,"href":"https:\/\/www.nordi.ee\/en\/wp-json\/wp\/v2\/product_brand?post=36814"},{"taxonomy":"product_cat","embeddable":true,"href":"https:\/\/www.nordi.ee\/en\/wp-json\/wp\/v2\/product_cat?post=36814"},{"taxonomy":"product_tag","embeddable":true,"href":"https:\/\/www.nordi.ee\/en\/wp-json\/wp\/v2\/product_tag?post=36814"}],"curies":[{"name":"wp","href":"https:\/\/api.w.org\/{rel}","templated":true}]}}