{"id":36812,"date":"2025-11-12T08:58:16","date_gmt":"2025-11-12T06:58:16","guid":{"rendered":"https:\/\/www.nordi.ee\/toode\/lima-rtv1-varv-sonoma-tamme-valge\/"},"modified":"2026-04-13T05:23:54","modified_gmt":"2026-04-13T02:23:54","slug":"lima-rtv1-varv-sonoma-tamme-valge","status":"publish","type":"product","link":"https:\/\/www.nordi.ee\/en\/toode\/lima-rtv1-varv-sonoma-tamme-valge\/","title":{"rendered":"Teleka alus RIMONA RTV1, tamm \/ valge"},"content":{"rendered":"<p>m\u00f5\u00f5tmed: 137\/40\/44 cm, materjal: laminaatpuitkiudplaat \/ k\u00f5rgl\u00e4ikega, ABS-servad, v\u00e4rv: sonoma tamm-valge<\/p>\n","protected":false},"excerpt":{"rendered":"<p>m\u00f5\u00f5tmed: 137\/40\/44 cm, materjal: laminaatpuitkiudplaat \/ k\u00f5rgl\u00e4ikega, ABS-servad, v\u00e4rv: sonoma tamm-valge<\/p>\n","protected":false},"featured_media":18363,"comment_status":"closed","ping_status":"closed","template":"","meta":{"_gspb_post_css":""},"product_brand":[],"product_cat":[165,193],"product_tag":[],"class_list":{"0":"post-36812","1":"product","2":"type-product","3":"status-publish","4":"has-post-thumbnail","6":"product_cat-elutuba","7":"product_cat-tv-alused","8":"pa_korgus-552","9":"pa_laius-2401","10":"pa_materjal-lamineeritud-puitlaastplaat","11":"pa_pakkide-arv-226","12":"pa_stiil-traditsiooniline","13":"pa_sugavus-646","14":"pa_vahelaos-jah","15":"pa_varv-tamm","17":"first","18":"instock","19":"sale","20":"purchasable","21":"product-type-simple"},"_links":{"self":[{"href":"https:\/\/www.nordi.ee\/en\/wp-json\/wp\/v2\/product\/36812","targetHints":{"allow":["GET"]}}],"collection":[{"href":"https:\/\/www.nordi.ee\/en\/wp-json\/wp\/v2\/product"}],"about":[{"href":"https:\/\/www.nordi.ee\/en\/wp-json\/wp\/v2\/types\/product"}],"replies":[{"embeddable":true,"href":"https:\/\/www.nordi.ee\/en\/wp-json\/wp\/v2\/comments?post=36812"}],"wp:featuredmedia":[{"embeddable":true,"href":"https:\/\/www.nordi.ee\/en\/wp-json\/wp\/v2\/media\/18363"}],"wp:attachment":[{"href":"https:\/\/www.nordi.ee\/en\/wp-json\/wp\/v2\/media?parent=36812"}],"wp:term":[{"taxonomy":"product_brand","embeddable":true,"href":"https:\/\/www.nordi.ee\/en\/wp-json\/wp\/v2\/product_brand?post=36812"},{"taxonomy":"product_cat","embeddable":true,"href":"https:\/\/www.nordi.ee\/en\/wp-json\/wp\/v2\/product_cat?post=36812"},{"taxonomy":"product_tag","embeddable":true,"href":"https:\/\/www.nordi.ee\/en\/wp-json\/wp\/v2\/product_tag?post=36812"}],"curies":[{"name":"wp","href":"https:\/\/api.w.org\/{rel}","templated":true}]}}