{"id":36807,"date":"2025-11-12T08:58:07","date_gmt":"2025-11-12T06:58:07","guid":{"rendered":"https:\/\/www.nordi.ee\/toode\/kapp-limora-reg2-sonoma-tamm\/"},"modified":"2026-04-13T05:23:52","modified_gmt":"2026-04-13T02:23:52","slug":"kapp-limora-reg2-sonoma-tamm","status":"publish","type":"product","link":"https:\/\/www.nordi.ee\/en\/toode\/kapp-limora-reg2-sonoma-tamm\/","title":{"rendered":"Kapp LIIMA, sonoma tamm"},"content":{"rendered":"<p>m\u00f5\u00f5tmed: 77\/40\/200 cm, materjal: laminaatk\u00f6\u00f6gipaneel, ABS-servad, v\u00e4rv: sonoma tamm<\/p>\n","protected":false},"excerpt":{"rendered":"<p>m\u00f5\u00f5tmed: 77\/40\/200 cm, materjal: laminaatk\u00f6\u00f6gipaneel, ABS-servad, v\u00e4rv: sonoma tamm<\/p>\n","protected":false},"featured_media":18352,"comment_status":"closed","ping_status":"closed","template":"","meta":{"_gspb_post_css":""},"product_brand":[],"product_cat":[165,205,200],"product_tag":[],"class_list":{"0":"post-36807","1":"product","2":"type-product","3":"status-publish","4":"has-post-thumbnail","6":"product_cat-elutuba","7":"product_cat-kapid","8":"product_cat-riiulid","9":"pa_korgus-2278","10":"pa_laius-619","11":"pa_materjal-lamineeritud-puitlaastplaat","12":"pa_pakkide-arv-295","13":"pa_stiil-traditsiooniline","14":"pa_sugavus-646","15":"pa_vahelaos-ei","16":"pa_varv-tamm","18":"first","19":"instock","20":"sale","21":"purchasable","22":"product-type-simple"},"_links":{"self":[{"href":"https:\/\/www.nordi.ee\/en\/wp-json\/wp\/v2\/product\/36807","targetHints":{"allow":["GET"]}}],"collection":[{"href":"https:\/\/www.nordi.ee\/en\/wp-json\/wp\/v2\/product"}],"about":[{"href":"https:\/\/www.nordi.ee\/en\/wp-json\/wp\/v2\/types\/product"}],"replies":[{"embeddable":true,"href":"https:\/\/www.nordi.ee\/en\/wp-json\/wp\/v2\/comments?post=36807"}],"wp:featuredmedia":[{"embeddable":true,"href":"https:\/\/www.nordi.ee\/en\/wp-json\/wp\/v2\/media\/18352"}],"wp:attachment":[{"href":"https:\/\/www.nordi.ee\/en\/wp-json\/wp\/v2\/media?parent=36807"}],"wp:term":[{"taxonomy":"product_brand","embeddable":true,"href":"https:\/\/www.nordi.ee\/en\/wp-json\/wp\/v2\/product_brand?post=36807"},{"taxonomy":"product_cat","embeddable":true,"href":"https:\/\/www.nordi.ee\/en\/wp-json\/wp\/v2\/product_cat?post=36807"},{"taxonomy":"product_tag","embeddable":true,"href":"https:\/\/www.nordi.ee\/en\/wp-json\/wp\/v2\/product_tag?post=36807"}],"curies":[{"name":"wp","href":"https:\/\/api.w.org\/{rel}","templated":true}]}}