{"id":36795,"date":"2025-11-12T08:57:17","date_gmt":"2025-11-12T06:57:17","guid":{"rendered":"https:\/\/www.nordi.ee\/toode\/lima-loz-120-voodi-varv-valge\/"},"modified":"2026-04-13T05:23:45","modified_gmt":"2026-04-13T02:23:45","slug":"voodi-lima-120-valge","status":"publish","type":"product","link":"https:\/\/www.nordi.ee\/en\/toode\/voodi-lima-120-valge\/","title":{"rendered":"Voodi LIMA 120, valge"},"content":{"rendered":"<p>m\u00f5\u00f5dud: 70\/125205 cm, materjal: laminaatkiht puidust \/ k\u00f5rgl\u00e4ikega, ABS servad. v\u00e4rvid: valge<br \/>\n* voodi ilma madratsi ja riiuliteta, valikuna madrats POLARIS ja LIMA stela\u017e-120<\/p>\n","protected":false},"excerpt":{"rendered":"<p>m\u00f5\u00f5dud: 70\/125205 cm, materjal: laminaatkiht puidust \/ k\u00f5rgl\u00e4ikega, ABS servad. v\u00e4rvid: valge * voodi ilma madratsi ja riiuliteta, valikuna madrats POLARIS ja LIMA stela\u017e-120<\/p>\n","protected":false},"featured_media":18325,"comment_status":"closed","ping_status":"closed","template":"","meta":{"_gspb_post_css":""},"product_brand":[],"product_cat":[166,215,179],"product_tag":[],"class_list":{"0":"post-36795","1":"product","2":"type-product","3":"status-publish","4":"has-post-thumbnail","6":"product_cat-magamistuba","7":"product_cat-pehme-moobel","8":"product_cat-voodid","9":"pa_kanga-varv-valge","10":"pa_korgus-1286","11":"pa_laius-2088","12":"pa_materjal-lamineeritud-puitlaastplaat","13":"pa_pakkide-arv-295","14":"pa_pesukast-ei","15":"pa_sobiv-madratsi-suurus-120x200cm","16":"pa_stiil-traditsiooniline","17":"pa_sugavus-2274","18":"pa_tuba-lastetuba","19":"pa_vahelaos-jah","20":"pa_varv-valge","21":"pa_voodituup-puit","23":"first","24":"instock","25":"sale","26":"purchasable","27":"product-type-simple"},"_links":{"self":[{"href":"https:\/\/www.nordi.ee\/en\/wp-json\/wp\/v2\/product\/36795","targetHints":{"allow":["GET"]}}],"collection":[{"href":"https:\/\/www.nordi.ee\/en\/wp-json\/wp\/v2\/product"}],"about":[{"href":"https:\/\/www.nordi.ee\/en\/wp-json\/wp\/v2\/types\/product"}],"replies":[{"embeddable":true,"href":"https:\/\/www.nordi.ee\/en\/wp-json\/wp\/v2\/comments?post=36795"}],"wp:featuredmedia":[{"embeddable":true,"href":"https:\/\/www.nordi.ee\/en\/wp-json\/wp\/v2\/media\/18325"}],"wp:attachment":[{"href":"https:\/\/www.nordi.ee\/en\/wp-json\/wp\/v2\/media?parent=36795"}],"wp:term":[{"taxonomy":"product_brand","embeddable":true,"href":"https:\/\/www.nordi.ee\/en\/wp-json\/wp\/v2\/product_brand?post=36795"},{"taxonomy":"product_cat","embeddable":true,"href":"https:\/\/www.nordi.ee\/en\/wp-json\/wp\/v2\/product_cat?post=36795"},{"taxonomy":"product_tag","embeddable":true,"href":"https:\/\/www.nordi.ee\/en\/wp-json\/wp\/v2\/product_tag?post=36795"}],"curies":[{"name":"wp","href":"https:\/\/api.w.org\/{rel}","templated":true}]}}