{"id":36778,"date":"2025-11-12T08:56:59","date_gmt":"2025-11-12T06:56:59","guid":{"rendered":"https:\/\/www.nordi.ee\/toode\/lima-km-2-kummut-varv-valge\/"},"modified":"2026-04-13T05:23:40","modified_gmt":"2026-04-13T02:23:40","slug":"lima-km-2-kummut-varv-valge","status":"publish","type":"product","link":"https:\/\/www.nordi.ee\/en\/toode\/lima-km-2-kummut-varv-valge\/","title":{"rendered":"LIMA KM-2 kummut, v\u00e4rv: valge"},"content":{"rendered":"<p>m\u00f5\u00f5tmed: 77\/40\/82 cm, materjal: laminaatplaat \/ k\u00f5rgl\u00e4ikega, ABS servad, v\u00e4rv: valge<\/p>\n","protected":false},"excerpt":{"rendered":"<p>m\u00f5\u00f5tmed: 77\/40\/82 cm, materjal: laminaatplaat \/ k\u00f5rgl\u00e4ikega, ABS servad, v\u00e4rv: valge<\/p>\n","protected":false},"featured_media":18301,"comment_status":"closed","ping_status":"open","template":"","meta":{"_gspb_post_css":""},"product_brand":[],"product_cat":[4067],"product_tag":[],"class_list":{"0":"post-36778","1":"product","2":"type-product","3":"status-publish","4":"has-post-thumbnail","6":"product_cat-kummutid","7":"pa_korgus-1573","8":"pa_laius-619","9":"pa_materjal-lamineeritud-puitlaastplaat","10":"pa_pakkide-arv-226","11":"pa_stiil-traditsiooniline","12":"pa_sugavus-646","13":"pa_vahelaos-jah","14":"pa_varv-valge","16":"first","17":"instock","18":"sale","19":"purchasable","20":"product-type-simple"},"_links":{"self":[{"href":"https:\/\/www.nordi.ee\/en\/wp-json\/wp\/v2\/product\/36778","targetHints":{"allow":["GET"]}}],"collection":[{"href":"https:\/\/www.nordi.ee\/en\/wp-json\/wp\/v2\/product"}],"about":[{"href":"https:\/\/www.nordi.ee\/en\/wp-json\/wp\/v2\/types\/product"}],"replies":[{"embeddable":true,"href":"https:\/\/www.nordi.ee\/en\/wp-json\/wp\/v2\/comments?post=36778"}],"wp:featuredmedia":[{"embeddable":true,"href":"https:\/\/www.nordi.ee\/en\/wp-json\/wp\/v2\/media\/18301"}],"wp:attachment":[{"href":"https:\/\/www.nordi.ee\/en\/wp-json\/wp\/v2\/media?parent=36778"}],"wp:term":[{"taxonomy":"product_brand","embeddable":true,"href":"https:\/\/www.nordi.ee\/en\/wp-json\/wp\/v2\/product_brand?post=36778"},{"taxonomy":"product_cat","embeddable":true,"href":"https:\/\/www.nordi.ee\/en\/wp-json\/wp\/v2\/product_cat?post=36778"},{"taxonomy":"product_tag","embeddable":true,"href":"https:\/\/www.nordi.ee\/en\/wp-json\/wp\/v2\/product_tag?post=36778"}],"curies":[{"name":"wp","href":"https:\/\/api.w.org\/{rel}","templated":true}]}}