{"id":36771,"date":"2025-11-12T08:56:48","date_gmt":"2025-11-12T06:56:48","guid":{"rendered":"https:\/\/www.nordi.ee\/toode\/vitriinkapp-lamirio-w-1-tamm-must\/"},"modified":"2026-04-13T05:23:35","modified_gmt":"2026-04-13T02:23:35","slug":"vitriinkapp-lamirio-w-1-tamm-must","status":"publish","type":"product","link":"https:\/\/www.nordi.ee\/en\/toode\/vitriinkapp-lamirio-w-1-tamm-must\/","title":{"rendered":"Vitriinkapp LAMIRIO W-1,  tamm \/ must"},"content":{"rendered":"<p>dimensioonid: 54\/40\/191 cm; materjal: laminaatkiudplaadi \/ pol\u00fcprop\u00fcleen, v\u00e4rv: k\u00e4sit\u00f6\u00f6 tamm \/ must<\/p>\n","protected":false},"excerpt":{"rendered":"<p>dimensioonid: 54\/40\/191 cm; materjal: laminaatkiudplaadi \/ pol\u00fcprop\u00fcleen, v\u00e4rv: k\u00e4sit\u00f6\u00f6 tamm \/ must<\/p>\n","protected":false},"featured_media":18285,"comment_status":"closed","ping_status":"closed","template":"","meta":{"_gspb_post_css":""},"product_brand":[],"product_cat":[165,205,4062],"product_tag":[],"class_list":{"0":"post-36771","1":"product","2":"type-product","3":"status-publish","4":"has-post-thumbnail","6":"product_cat-elutuba","7":"product_cat-kapid","8":"product_cat-vitriinkapid","9":"pa_korgus-2085","10":"pa_laius-840","11":"pa_materjal-lamineeritud-puitlaastplaat","12":"pa_materjal-polupropuleen","13":"pa_pakkide-arv-941","14":"pa_stiil-modernne","15":"pa_stiil-loft","16":"pa_sugavus-646","17":"pa_vahelaos-jah","18":"pa_varv-tamm","19":"pa_varv-must","21":"first","22":"instock","23":"sale","24":"purchasable","25":"product-type-simple"},"_links":{"self":[{"href":"https:\/\/www.nordi.ee\/en\/wp-json\/wp\/v2\/product\/36771","targetHints":{"allow":["GET"]}}],"collection":[{"href":"https:\/\/www.nordi.ee\/en\/wp-json\/wp\/v2\/product"}],"about":[{"href":"https:\/\/www.nordi.ee\/en\/wp-json\/wp\/v2\/types\/product"}],"replies":[{"embeddable":true,"href":"https:\/\/www.nordi.ee\/en\/wp-json\/wp\/v2\/comments?post=36771"}],"wp:featuredmedia":[{"embeddable":true,"href":"https:\/\/www.nordi.ee\/en\/wp-json\/wp\/v2\/media\/18285"}],"wp:attachment":[{"href":"https:\/\/www.nordi.ee\/en\/wp-json\/wp\/v2\/media?parent=36771"}],"wp:term":[{"taxonomy":"product_brand","embeddable":true,"href":"https:\/\/www.nordi.ee\/en\/wp-json\/wp\/v2\/product_brand?post=36771"},{"taxonomy":"product_cat","embeddable":true,"href":"https:\/\/www.nordi.ee\/en\/wp-json\/wp\/v2\/product_cat?post=36771"},{"taxonomy":"product_tag","embeddable":true,"href":"https:\/\/www.nordi.ee\/en\/wp-json\/wp\/v2\/product_tag?post=36771"}],"curies":[{"name":"wp","href":"https:\/\/api.w.org\/{rel}","templated":true}]}}