{"id":36770,"date":"2025-11-12T08:56:48","date_gmt":"2025-11-12T06:56:48","guid":{"rendered":"https:\/\/www.nordi.ee\/toode\/kapp-lamirio-s-1-tamm-must\/"},"modified":"2026-04-12T05:23:08","modified_gmt":"2026-04-12T02:23:08","slug":"kapp-lamirio-s-1-tamm-must","status":"publish","type":"product","link":"https:\/\/www.nordi.ee\/en\/toode\/kapp-lamirio-s-1-tamm-must\/","title":{"rendered":"Kapp LAMIRIO S-1,  tamm \/ must"},"content":{"rendered":"<p>m\u00f5\u00f5tmed: 94\/56\/191 cm; materjal: laminaatkiudplaadi \/ pol\u00fcprop\u00fcleen, v\u00e4rv: k\u00e4sit\u00f6\u00f6 tamme \/ must<\/p>\n","protected":false},"excerpt":{"rendered":"<p>m\u00f5\u00f5tmed: 94\/56\/191 cm; materjal: laminaatkiudplaadi \/ pol\u00fcprop\u00fcleen, v\u00e4rv: k\u00e4sit\u00f6\u00f6 tamme \/ must<\/p>\n","protected":false},"featured_media":18282,"comment_status":"closed","ping_status":"open","template":"","meta":{"_gspb_post_css":""},"product_brand":[],"product_cat":[166,194],"product_tag":[],"class_list":{"0":"post-36770","1":"product","2":"type-product","3":"status-publish","4":"has-post-thumbnail","6":"product_cat-magamistuba","7":"product_cat-riidekapid","8":"pa_korgus-2085","9":"pa_laius-1744","10":"pa_materjal-lamineeritud-puitlaastplaat","11":"pa_materjal-polupropuleen","12":"pa_pakkide-arv-466","13":"pa_stiil-loft","14":"pa_stiil-modernne","15":"pa_sugavus-519","16":"pa_vahelaos-jah","17":"pa_varv-must","18":"pa_varv-tamm","20":"first","21":"instock","22":"sale","23":"purchasable","24":"product-type-simple"},"_links":{"self":[{"href":"https:\/\/www.nordi.ee\/en\/wp-json\/wp\/v2\/product\/36770","targetHints":{"allow":["GET"]}}],"collection":[{"href":"https:\/\/www.nordi.ee\/en\/wp-json\/wp\/v2\/product"}],"about":[{"href":"https:\/\/www.nordi.ee\/en\/wp-json\/wp\/v2\/types\/product"}],"replies":[{"embeddable":true,"href":"https:\/\/www.nordi.ee\/en\/wp-json\/wp\/v2\/comments?post=36770"}],"wp:featuredmedia":[{"embeddable":true,"href":"https:\/\/www.nordi.ee\/en\/wp-json\/wp\/v2\/media\/18282"}],"wp:attachment":[{"href":"https:\/\/www.nordi.ee\/en\/wp-json\/wp\/v2\/media?parent=36770"}],"wp:term":[{"taxonomy":"product_brand","embeddable":true,"href":"https:\/\/www.nordi.ee\/en\/wp-json\/wp\/v2\/product_brand?post=36770"},{"taxonomy":"product_cat","embeddable":true,"href":"https:\/\/www.nordi.ee\/en\/wp-json\/wp\/v2\/product_cat?post=36770"},{"taxonomy":"product_tag","embeddable":true,"href":"https:\/\/www.nordi.ee\/en\/wp-json\/wp\/v2\/product_tag?post=36770"}],"curies":[{"name":"wp","href":"https:\/\/api.w.org\/{rel}","templated":true}]}}