{"id":36769,"date":"2025-11-12T08:56:01","date_gmt":"2025-11-12T06:56:01","guid":{"rendered":"https:\/\/www.nordi.ee\/toode\/televiisorialus-lamirio-rtv-1-tamm-must\/"},"modified":"2026-04-13T05:23:34","modified_gmt":"2026-04-13T02:23:34","slug":"televiisorialus-lamirio-rtv-1-tamm-must","status":"publish","type":"product","link":"https:\/\/www.nordi.ee\/en\/toode\/televiisorialus-lamirio-rtv-1-tamm-must\/","title":{"rendered":"Televiisorialus LAMIRIO RTV-1,  tamm \/ must"},"content":{"rendered":"<p>m\u00f5\u00f5tmed: 180\/40\/48 cm; materjal: laminaatplaadist \/ pol\u00fcprop\u00fcleen, v\u00e4rv: k\u00e4sit\u00f6\u00f6 tamm \/ must<\/p>\n","protected":false},"excerpt":{"rendered":"<p>m\u00f5\u00f5tmed: 180\/40\/48 cm; materjal: laminaatplaadist \/ pol\u00fcprop\u00fcleen, v\u00e4rv: k\u00e4sit\u00f6\u00f6 tamm \/ must<\/p>\n","protected":false},"featured_media":18278,"comment_status":"closed","ping_status":"open","template":"","meta":{"_gspb_post_css":""},"product_brand":[],"product_cat":[165,193],"product_tag":[],"class_list":{"0":"post-36769","1":"product","2":"type-product","3":"status-publish","4":"has-post-thumbnail","6":"product_cat-elutuba","7":"product_cat-tv-alused","8":"pa_korgus-1490","9":"pa_laius-1300","10":"pa_materjal-lamineeritud-puitlaastplaat","11":"pa_materjal-polupropuleen","12":"pa_pakkide-arv-295","13":"pa_stiil-modernne","14":"pa_stiil-loft","15":"pa_sugavus-646","16":"pa_vahelaos-jah","17":"pa_varv-tamm","18":"pa_varv-must","20":"first","21":"instock","22":"sale","23":"purchasable","24":"product-type-simple"},"_links":{"self":[{"href":"https:\/\/www.nordi.ee\/en\/wp-json\/wp\/v2\/product\/36769","targetHints":{"allow":["GET"]}}],"collection":[{"href":"https:\/\/www.nordi.ee\/en\/wp-json\/wp\/v2\/product"}],"about":[{"href":"https:\/\/www.nordi.ee\/en\/wp-json\/wp\/v2\/types\/product"}],"replies":[{"embeddable":true,"href":"https:\/\/www.nordi.ee\/en\/wp-json\/wp\/v2\/comments?post=36769"}],"wp:featuredmedia":[{"embeddable":true,"href":"https:\/\/www.nordi.ee\/en\/wp-json\/wp\/v2\/media\/18278"}],"wp:attachment":[{"href":"https:\/\/www.nordi.ee\/en\/wp-json\/wp\/v2\/media?parent=36769"}],"wp:term":[{"taxonomy":"product_brand","embeddable":true,"href":"https:\/\/www.nordi.ee\/en\/wp-json\/wp\/v2\/product_brand?post=36769"},{"taxonomy":"product_cat","embeddable":true,"href":"https:\/\/www.nordi.ee\/en\/wp-json\/wp\/v2\/product_cat?post=36769"},{"taxonomy":"product_tag","embeddable":true,"href":"https:\/\/www.nordi.ee\/en\/wp-json\/wp\/v2\/product_tag?post=36769"}],"curies":[{"name":"wp","href":"https:\/\/api.w.org\/{rel}","templated":true}]}}